{"id":898,"date":"2016-11-02T19:26:49","date_gmt":"2016-11-02T19:26:49","guid":{"rendered":"https:\/\/mcwec.org\/es\/?page_id=898"},"modified":"2017-04-24T20:39:59","modified_gmt":"2017-04-24T20:39:59","slug":"regulatory-changes","status":"publish","type":"page","link":"https:\/\/mcwec.org\/es\/businesses\/regulatory-changes\/","title":{"rendered":"Cambios en las Ordenanzas"},"content":{"rendered":"<p>Si tu negocio esta ubicado dentro de la zona protegida, los cambios en las ordenanzas del Marion County <a href=\"http:\/\/www.indyrezone.org\" target=\"_blank\">Indianapolis zoning codes<\/a> pueden afectar el ejercicio del mismo.<\/p>\n<p>El nuevo Wellfield Business Code requiere que los negocios mejoren sus practicas <em><strong>incluyendo pero no limit\u00e1ndose a<\/strong><\/em>:<\/p>\n<ul>\n<li>Entrenamiento de los empleados para la prevenci\u00f3n y respuesta de derrames de productos contaminantes<\/li>\n<li>Mantenimiento de los kits anti derrames en el local<\/li>\n<li>Condici\u00f3n y mantenimiento del piso apropiada<\/li>\n<li>Apropiado uso, etiquetamiento y almacenamiento de los contenedores<\/li>\n<li>Alarmas detectoras desbordamiento<\/li>\n<li>Uso de contenedores secundarios<\/li>\n<\/ul>\n<p>Las ventajas del Nuevo c\u00f3digo y las nuevas ordenanzas son: la estandarizaci\u00f3n de las medidas a tomar para todos los negocios, como tambi\u00e9n, el mejoramiento del agua potable del Marion County.<\/p>\n<p><a href=\"https:\/\/mcwec.org\/media\/Are-you-ready-to-be-inspected-by-the-Marion-County-Public-Health-Department.pdf\"><img loading=\"lazy\" decoding=\"async\" class=\"alignleft wp-image-868\" src=\"https:\/\/mcwec.org\/media\/download.jpg\" alt=\"download\" width=\"20\" height=\"20\" \/> Are You Ready? Checklist<\/a> (ingl\u00e9s) \u2013 El nuevo c\u00f3digo de salud que cubre las empresas en los wellfields se hizo efectivo en enero de 2017. Los requisitos del c\u00f3digo de salud AHORA SE APLICAN. Vea esta lista de verificaci\u00f3n que resume los requisitos del c\u00f3digo de salud.<\/p>\n<hr \/>\n<p><a href=\"http:\/\/www.hhcorp.org\/hhc\/images\/HHCcode\/chapter_13.pdf\"><img loading=\"lazy\" decoding=\"async\" class=\"alignleft wp-image-868\" src=\"https:\/\/mcwec.org\/media\/download.jpg\" alt=\"download\" width=\"20\" height=\"20\" \/> Final ruling<\/a> &#8211; Descargar la decisi\u00f3n final de la Health and Hospital Corporation of Marion County<\/p>\n<p>Las preguntas frecuentes incluyen::<\/p>\n<ul>\n<li><a href=\"https:\/\/mcwec.org\/es\/wellfields\/estoy-ubicado-en-un-wellfield\/\">\u00bfEstoy ubicado en un Wellfield?<\/a><\/li>\n<li><a href=\"https:\/\/mcwec.org\/es\/wellfields\/estoy-ubicado-en-un-wellfield\/\">\u00bf<\/a><a href=\"https:\/\/mcwec.org\/es\/businesses\/industry-specific-recommendations\/\">Que las empresas est\u00e1n reguladas?<\/a><\/li>\n<li><a href=\"https:\/\/mcwec.org\/es\/businesses\/guides-forms\/\">\u00bfC\u00f3mo puedo obtener ayuda?<\/a><\/li>\n<\/ul>\n","protected":false},"excerpt":{"rendered":"<p>Si tu negocio esta ubicado dentro de la zona protegida, los cambios en las ordenanzas del Marion County Indianapolis zoning codes pueden afectar el ejercicio del mismo. El nuevo Wellfield Business Code requiere que los negocios mejoren sus practicas incluyendo pero no limit\u00e1ndose a: Entrenamiento de los empleados para la prevenci\u00f3n y respuesta de derrames [&hellip;]<\/p>\n<p class=\"more-link-wrap\"><a class=\"more-link\" href=\"https:\/\/mcwec.org\/es\/businesses\/regulatory-changes\/\">Read More<\/a><\/p>","protected":false},"author":4,"featured_media":0,"parent":680,"menu_order":0,"comment_status":"closed","ping_status":"closed","template":"","meta":{"_monsterinsights_skip_tracking":false,"_monsterinsights_sitenote_active":false,"_monsterinsights_sitenote_note":"","_monsterinsights_sitenote_category":0,"_genesis_hide_title":false,"_genesis_hide_breadcrumbs":false,"_genesis_hide_singular_image":false,"_genesis_hide_footer_widgets":false,"_genesis_custom_body_class":"","_genesis_custom_post_class":"","_genesis_layout":"","footnotes":""},"class_list":{"0":"post-898","1":"page","2":"type-page","3":"status-publish","5":"entry"},"_links":{"self":[{"href":"https:\/\/mcwec.org\/es\/wp-json\/wp\/v2\/pages\/898","targetHints":{"allow":["GET"]}}],"collection":[{"href":"https:\/\/mcwec.org\/es\/wp-json\/wp\/v2\/pages"}],"about":[{"href":"https:\/\/mcwec.org\/es\/wp-json\/wp\/v2\/types\/page"}],"author":[{"embeddable":true,"href":"https:\/\/mcwec.org\/es\/wp-json\/wp\/v2\/users\/4"}],"replies":[{"embeddable":true,"href":"https:\/\/mcwec.org\/es\/wp-json\/wp\/v2\/comments?post=898"}],"version-history":[{"count":7,"href":"https:\/\/mcwec.org\/es\/wp-json\/wp\/v2\/pages\/898\/revisions"}],"predecessor-version":[{"id":1081,"href":"https:\/\/mcwec.org\/es\/wp-json\/wp\/v2\/pages\/898\/revisions\/1081"}],"up":[{"embeddable":true,"href":"https:\/\/mcwec.org\/es\/wp-json\/wp\/v2\/pages\/680"}],"wp:attachment":[{"href":"https:\/\/mcwec.org\/es\/wp-json\/wp\/v2\/media?parent=898"}],"curies":[{"name":"wp","href":"https:\/\/api.w.org\/{rel}","templated":true}]}}