{"id":765,"date":"2016-08-10T13:54:39","date_gmt":"2016-08-10T13:54:39","guid":{"rendered":"https:\/\/mcwec.org\/es\/?page_id=765"},"modified":"2025-08-15T19:11:09","modified_gmt":"2025-08-15T23:11:09","slug":"used-oil-disposal","status":"publish","type":"page","link":"https:\/\/mcwec.org\/es\/businesses\/waste-disposal\/used-oil-disposal\/","title":{"rendered":"Eliminaci\u00f3n de aceite usado"},"content":{"rendered":"\n<div style=\"height:12px\" aria-hidden=\"true\" class=\"wp-block-spacer\"><\/div>\n\n\n\n<p class=\"disclaimer\"><strong>Aviso<\/strong>: MCWEC no proporciona servicios de desechos de sustancias peligrosas. Debe ponerse en contacto directamente con estas organizaciones.<\/p>\n\n\n\n<p><strong>Peque\u00f1o volumen<\/strong><br>\u00bfSab\u00eda que su AutoZone local, NAPA Auto Parts u otra tienda de repuestos para autom\u00f3viles puede aceptar peque\u00f1os vol\u00famenes de aceite usado para reciclar?<\/p>\n\n\n\n<p>\u00a1Comun\u00edquese con su tienda local de repuestos para autom\u00f3viles para obtener m\u00e1s detalles y aproveche una opci\u00f3n de reciclaje de aceite gratuita o de bajo costo!<\/p>\n\n\n\n<p><strong>Gran volumen<\/strong><br>Las siguientes empresas recoger\u00e1n aceite usado para empresas o particulares. Estas tarifas son aproximadas en relaci\u00f3n con el aceite usado de autom\u00f3viles no peligroso del 1\/12\/2024. Llame a cada negocio para confirmar las tarifas m\u00e1s actuales.<\/p>\n\n\n<table>\n<tbody>\n<tr>\n<td><strong>Name<\/strong><\/td>\n<td><strong>Address \/ Phone<\/strong><\/td>\n<td><strong>Service Price<\/strong><\/td>\n<\/tr>\n<tr>\n<td><a href=\"https:\/\/www.safety-kleen.com\/\"><strong>Safety Kleen<\/strong><\/a><\/td>\n<td>475 Park 800 Dr.<br \/>Greenwood, IN 46143<br \/>317-888-0570<\/td>\n<td>\n<ul>\n<li>Pump and clear ($100 trip charge plus 41\u00a2\/gallon)<\/li>\n<li>Container disposal\n<ul>\n<li>55 gallon drum ($420)<\/li>\n<li>32 gallon drum ($182)<\/li>\n<li>Bucket ($74)<\/li>\n<\/ul>\n<\/li>\n<\/ul>\n<\/td>\n<\/tr>\n<tr>\n<td><a href=\"https:\/\/gflenv.com\/\"><b>GLF Environmental<\/b><\/a><\/td>\n<td>6331 E 30th St.<br \/>Indpls, IN 46219<br \/>866-579-6900<\/td>\n<td>\n<ul>\n<li>Pump service (starting at $250<\/li>\n<li>Container disposal\n<ul>\n<li>55 gallon drum ($100 plus trip charge depending on quantity)<\/li>\n<\/ul>\n<\/li>\n<\/ul>\n<\/td>\n<\/tr>\n<tr>\n<td><strong>Heritage<br \/>Environmental<br \/>Services<\/strong><\/td>\n<td>7901 W Morris St.<br \/>Indpls, IN 46231<br \/>317-243-0811<\/td>\n<td>\n<ul>\n<li>Call for rates<\/li>\n<\/ul>\n<\/td>\n<\/tr>\n<tr>\n<td><strong>Liquid Waste<br \/>Removal<\/strong><\/td>\n<td>500 Polk St. Suite 100<br \/>Greenwood, IN 46143<br \/>317-881-9754<\/td>\n<td>\n<ul>\n<li>Call for rates<\/li>\n<\/ul>\n<\/td>\n<\/tr>\n<tr>\n<td><strong>Bee Environmental Management Inc.<\/strong><\/td>\n<td>660 Andico Rd # E,<br \/>Plainfield, IN 46168<br \/>317-839-9323<\/td>\n<td>\n<ul>\n<li>Call for rates<\/li>\n<\/ul>\n<\/td>\n<\/tr>\n<tr>\n<td><a href=\"https:\/\/advancedvacuum.com\/\"><strong>Advanced Vacuum Services<\/strong><\/a><\/td>\n<td>5602 W Base Rd.<br \/>Greensburg, IN 47240<br \/>1-800-797-8789<\/td>\n<td>\n<ul>\n<li>Call for rates<\/li>\n<\/ul>\n<\/td>\n<\/tr>\n<tr>\n<td><a href=\"https:\/\/www.relyonsuperior.com\/\"><strong>Superior Industrial Solutions<\/strong><\/a><\/td>\n<td>400 W Regent St<br \/>Indianapolis, IN 46225<br \/>317-781-4490<\/td>\n<td>\n<ul>\n<li>55 gallon drum ($150-$200)<\/li>\n<li>Tote ($300)<\/li>\n<li>$55-75 transportation cost + 2-3 weeks lead time<\/li>\n<\/ul>\n<\/td>\n<\/tr>\n<\/tbody>\n<\/table>","protected":false},"excerpt":{"rendered":"<p>Aviso: MCWEC no proporciona servicios de desechos de sustancias peligrosas. Debe ponerse en contacto directamente con estas organizaciones. Peque\u00f1o volumen\u00bfSab\u00eda que su AutoZone local, NAPA Auto Parts u otra tienda de repuestos para autom\u00f3viles puede aceptar peque\u00f1os vol\u00famenes de aceite usado para reciclar? \u00a1Comun\u00edquese con su tienda local de repuestos para autom\u00f3viles para obtener m\u00e1s [&hellip;]<\/p>\n<p class=\"more-link-wrap\"><a class=\"more-link\" href=\"https:\/\/mcwec.org\/es\/businesses\/waste-disposal\/used-oil-disposal\/\">Read More<\/a><\/p>","protected":false},"author":4,"featured_media":1385,"parent":894,"menu_order":0,"comment_status":"closed","ping_status":"closed","template":"","meta":{"_monsterinsights_skip_tracking":false,"_monsterinsights_sitenote_active":false,"_monsterinsights_sitenote_note":"","_monsterinsights_sitenote_category":0,"_genesis_hide_title":false,"_genesis_hide_breadcrumbs":false,"_genesis_hide_singular_image":false,"_genesis_hide_footer_widgets":false,"_genesis_custom_body_class":"","_genesis_custom_post_class":"","_genesis_layout":"","footnotes":""},"class_list":{"0":"post-765","1":"page","2":"type-page","3":"status-publish","4":"has-post-thumbnail","6":"entry"},"_links":{"self":[{"href":"https:\/\/mcwec.org\/es\/wp-json\/wp\/v2\/pages\/765","targetHints":{"allow":["GET"]}}],"collection":[{"href":"https:\/\/mcwec.org\/es\/wp-json\/wp\/v2\/pages"}],"about":[{"href":"https:\/\/mcwec.org\/es\/wp-json\/wp\/v2\/types\/page"}],"author":[{"embeddable":true,"href":"https:\/\/mcwec.org\/es\/wp-json\/wp\/v2\/users\/4"}],"replies":[{"embeddable":true,"href":"https:\/\/mcwec.org\/es\/wp-json\/wp\/v2\/comments?post=765"}],"version-history":[{"count":4,"href":"https:\/\/mcwec.org\/es\/wp-json\/wp\/v2\/pages\/765\/revisions"}],"predecessor-version":[{"id":5614,"href":"https:\/\/mcwec.org\/es\/wp-json\/wp\/v2\/pages\/765\/revisions\/5614"}],"up":[{"embeddable":true,"href":"https:\/\/mcwec.org\/es\/wp-json\/wp\/v2\/pages\/894"}],"wp:featuredmedia":[{"embeddable":true,"href":"https:\/\/mcwec.org\/es\/wp-json\/wp\/v2\/media\/1385"}],"wp:attachment":[{"href":"https:\/\/mcwec.org\/es\/wp-json\/wp\/v2\/media?parent=765"}],"curies":[{"name":"wp","href":"https:\/\/api.w.org\/{rel}","templated":true}]}}