{"id":712,"date":"2016-08-08T16:01:53","date_gmt":"2016-08-08T16:01:53","guid":{"rendered":"https:\/\/mcwec.org\/es\/?page_id=712"},"modified":"2025-10-15T10:21:02","modified_gmt":"2025-10-15T14:21:02","slug":"estoy-ubicado-en-un-wellfield","status":"publish","type":"page","link":"https:\/\/mcwec.org\/es\/wellfields\/estoy-ubicado-en-un-wellfield\/","title":{"rendered":"\u00bfMe encuentro dentro de la zona protegida (Wellfield)?"},"content":{"rendered":"\n<p>Las empresas en zonas de protegida de campos de pozos que manejan productos qu\u00edmicos o eliminan materiales peligrosos est\u00e1n obligadas por ley a implementar ciertas medidas para prevenir la contaminaci\u00f3n del agua subterr\u00e1nea. Los propietarios de viviendas tambi\u00e9n pueden tomar medidas para mantener segura nuestra agua potable.<\/p>\n\n\n\n<p>Utilice las herramientas a continuaci\u00f3n para verificar si se encuentra en una zona de protegida de agua potable.<\/p>\n\n\n\n<h3 class=\"wp-block-heading\">Mapa interactivo &#8211; Indian\u00e1polis<\/h3>\n\n\n\n<p>Tenga paciencia mientras se carga el mapa. <a href=\"#pdfs\">Debajo del mapa<\/a> se encuentran los archivos PDF de los pozos o puede encontrar la proximidad a los campos de pozos fuera de Indian\u00e1polis.<\/p>\n\n\n\n<style>.embed-container {position: relative; padding-bottom: 80%; height: 0; max-width: 100%;} .embed-container iframe, .embed-container object, .embed-container iframe{position: absolute; top: 0; left: 0; width: 100%; height: 100%;} small{position: absolute; z-index: 40; top: 0; margin-top: -35px;}<\/style><div class=\"embed-container\"><small><a href=\"https:\/\/mcwec.maps.arcgis.com\/apps\/instant\/lookup\/index.html?appid=fc521c69d97247fb8468fbffedebce6c\" style=\"text-align:left\" target=\"_blank\" rel=\"noopener\">Click here to view on mobile \/ fullscreen<\/a><\/small><br><iframe loading=\"lazy\" src=\"https:\/\/mcwec.maps.arcgis.com\/apps\/instant\/lookup\/index.html?appid=fc521c69d97247fb8468fbffedebce6c\" width=\"500\" height=\"400\" frameborder=\"0\" style=\"border:0\" scrolling=\"no\" marginheight=\"0\" marginwidth=\"0\" title=\"Am I in a Wellfield?\" allowfullscreen><\/iframe><\/div>\n\n\n\n<p class=\"has-black-color has-text-color\" id=\"pdfs\"><em>Disclaimer: Your use of this map and information provided in this application constitutes your understanding and acceptance of the following conditions: 1) The information provided on this site is for convenience only and is compiled from public records and data. Extensive efforts have been made to offer the most current, correct, and clearly expressed information possible; however, inadvertent errors can occur, and information presented in this map is not intended to replace any official source. Contact the appropriate official information sources for verification of the information provided on this map. 2) Use of any of this information is at the user&#8217;s own risk. The Marion County Wellfield Education Corporation (MCWEC) does not assume any legal responsibility for the information contained herin, which is provided \u00abas is\u00bb with no warranties of any kind. MCWEC disclaims all liability of any kind arising out of the use of, or misuse of this information and disclaims all express or implied warranties, including warranties of merchantability, fitness for a particular purpose, and non-infringement of proprietary rights. By using this map, I agree that MCWEC will not be liable for any actions, claims, damages or judgments of any nature whatsoever arising out of the use or misuse of the information contained in this map.<\/em><\/p>\n\n\n<div class=\"wp-block-image\">\n<figure class=\"alignright\"><a href=\"https:\/\/mcwec.org\/media\/marion-county-wellfield-map-2022.jpg\"><img decoding=\"async\" src=\"https:\/\/mcwec.org\/media\/marion-county-wellfield-map-2022.jpg\" alt=\"\" class=\"wp-image-2218\"\/><\/a><\/figure>\n<\/div>\n\n\n<h4 class=\"wp-block-heading\">Las mapas en PDF &#8211; Marion County<\/h4>\n\n\n\n<p><a href=\"https:\/\/mcwec.org\/media\/Fall-Creek-Wellfield-Map.pdf\" target=\"_blank\" rel=\"noopener noreferrer\">Fall Creek Wellfield<\/a><br><a href=\"https:\/\/mcwec.org\/media\/Ford-Wellfield-Map.pdf\" target=\"_blank\" rel=\"noopener noreferrer\">Ford Road Wellfield<\/a><br><a href=\"https:\/\/mcwec.org\/media\/Lawrence-Wellfield-Map.pdf\" target=\"_blank\" rel=\"noopener noreferrer\">Lawrence Wellfield<\/a><br><a href=\"https:\/\/mcwec.org\/media\/Geist-Wellfield-Map.pdf\" target=\"_blank\" rel=\"noopener noreferrer\">Geist Wellfield<\/a><br><a href=\"https:\/\/mcwec.org\/media\/South-Wellfield-Map.pdf\" target=\"_blank\" rel=\"noopener noreferrer\">South Wellfield<\/a><br><a href=\"https:\/\/mcwec.org\/media\/Speedway-Wellfield-Map.pdf\" target=\"_blank\" rel=\"noopener noreferrer\">Speedway Wellfield<\/a><br><a href=\"https:\/\/mcwec.org\/media\/Riverside-Wellfield-Map.pdf\" target=\"_blank\" rel=\"noopener noreferrer\">Riverside Wellfield<\/a><\/p>\n\n\n\n<h4 class=\"wp-block-heading\"><strong>Chequea el mapa interactivo<\/strong> \u2013 Indiana<\/h4>\n\n\n\n<p>Si se encuentra fuera del condado de Marion, pero est\u00e1 interesado en verificar si el lugar donde vive o trabaja est\u00e1 dentro de otro campo de pozos, consulte la aplicaci\u00f3n de <a href=\"http:\/\/www.in.gov\/idem\/cleanwater\/pages\/wellhead\/\" target=\"_blank\" rel=\"noopener noreferrer\"> Indiana Department of Environmental Management\u2019s Wellhead Proximity Determinator.<\/a><\/p>\n\n\n\n<h4 class=\"wp-block-heading\">Se\u00f1ales que indicant las Wellfield (Marion County)<\/h4>\n\n\n\n<p>Estas se\u00f1ales se encuentran ubicadas en las calles que delimitan la zona protegida, de forma de informarnos que entramos entrando a las Wellfield.<br><a href=\"https:\/\/mcwec.org\/media\/wellfield-protection-sign.jpg\"><img loading=\"lazy\" decoding=\"async\" class=\"alignnone size-full wp-image-290\" src=\"https:\/\/mcwec.org\/media\/wellfield-protection-sign.jpg\" alt=\"wellfield-protection-sign\" width=\"125\" height=\"125\"><\/a><\/p>\n\n\n\n<h3 class=\"wp-block-heading\">No esta seguro?<\/h3>\n\n\n\n<p>Contactenos a Mundell &amp; Associates:<br>Phone: (317) 630-9060<br>Email: info[at]mcwec.org<\/p>\n","protected":false},"excerpt":{"rendered":"<p>Las empresas en zonas de protegida de campos de pozos que manejan productos qu\u00edmicos o eliminan materiales peligrosos est\u00e1n obligadas por ley a implementar ciertas medidas para prevenir la contaminaci\u00f3n del agua subterr\u00e1nea. Los propietarios de viviendas tambi\u00e9n pueden tomar medidas para mantener segura nuestra agua potable. Utilice las herramientas a continuaci\u00f3n para verificar si [&hellip;]<\/p>\n<p class=\"more-link-wrap\"><a class=\"more-link\" href=\"https:\/\/mcwec.org\/es\/wellfields\/estoy-ubicado-en-un-wellfield\/\">Read More<\/a><\/p>","protected":false},"author":4,"featured_media":5784,"parent":675,"menu_order":0,"comment_status":"closed","ping_status":"closed","template":"","meta":{"_monsterinsights_skip_tracking":false,"_monsterinsights_sitenote_active":false,"_monsterinsights_sitenote_note":"","_monsterinsights_sitenote_category":0,"_genesis_hide_title":false,"_genesis_hide_breadcrumbs":false,"_genesis_hide_singular_image":false,"_genesis_hide_footer_widgets":false,"_genesis_custom_body_class":"","_genesis_custom_post_class":"","_genesis_layout":"","footnotes":""},"class_list":{"0":"post-712","1":"page","2":"type-page","3":"status-publish","4":"has-post-thumbnail","6":"entry"},"_links":{"self":[{"href":"https:\/\/mcwec.org\/es\/wp-json\/wp\/v2\/pages\/712","targetHints":{"allow":["GET"]}}],"collection":[{"href":"https:\/\/mcwec.org\/es\/wp-json\/wp\/v2\/pages"}],"about":[{"href":"https:\/\/mcwec.org\/es\/wp-json\/wp\/v2\/types\/page"}],"author":[{"embeddable":true,"href":"https:\/\/mcwec.org\/es\/wp-json\/wp\/v2\/users\/4"}],"replies":[{"embeddable":true,"href":"https:\/\/mcwec.org\/es\/wp-json\/wp\/v2\/comments?post=712"}],"version-history":[{"count":12,"href":"https:\/\/mcwec.org\/es\/wp-json\/wp\/v2\/pages\/712\/revisions"}],"predecessor-version":[{"id":5786,"href":"https:\/\/mcwec.org\/es\/wp-json\/wp\/v2\/pages\/712\/revisions\/5786"}],"up":[{"embeddable":true,"href":"https:\/\/mcwec.org\/es\/wp-json\/wp\/v2\/pages\/675"}],"wp:featuredmedia":[{"embeddable":true,"href":"https:\/\/mcwec.org\/es\/wp-json\/wp\/v2\/media\/5784"}],"wp:attachment":[{"href":"https:\/\/mcwec.org\/es\/wp-json\/wp\/v2\/media?parent=712"}],"curies":[{"name":"wp","href":"https:\/\/api.w.org\/{rel}","templated":true}]}}