{"id":700,"date":"2013-07-30T18:06:25","date_gmt":"2013-07-30T18:06:25","guid":{"rendered":"https:\/\/mcwec.org\/es\/schedule-free-assessment\/"},"modified":"2017-04-25T15:05:33","modified_gmt":"2017-04-25T15:05:33","slug":"schedule-free-assessment","status":"publish","type":"page","link":"https:\/\/mcwec.org\/es\/schedule-free-assessment\/","title":{"rendered":"Home"},"content":{"rendered":"<div class=\"one-half first\">\n<h3>Evaluaci\u00f3n gratuita para negocios<\/h3>\n<p>Los due\u00f1os de los negocios tienen la responsabilidad de asegurarse, que los qu\u00edmicos utilizados en los mismos, no se filtren en el suelo. <\/p>\n<p><a class=\"button\" style=\"text-transform: none;\" title=\"Assessments\" href=\"https:\/\/mcwec.org\/es\/asesoramiento\/\">Aprenda mas sobre una segunda evaluaci\u00f3n gratuita!<\/a><\/p>\n<h2>\u00bfQu\u00e9 es un Wellfield?<\/h2>\n<p>Las plantas potabilizadoras de agua del Marion County, perforan el suelo para suministrar agua potable a negocios y residencies desde las napas subterr\u00e1neas. La zona que se encuentra rodeando estos pozos se llama <a title=\"Wellfield FAQs\" href=\"https:\/\/mcwec.org\/es\/wellfields\/\"><strong>wellfield<\/strong><\/a> y es una zona protegida. Ya que el agua que se filtra por toda esa zona es la que finaliza en las napas.<\/p>\n<\/div>\n<div class=\"one-half\">\n<h3 style=\"text-align:center;\">\u00bfMe encuentro dentro de una zona protegida (Wellfield)?<\/h3>\n<p style=\"text-align: center;\">Clique\u00e9 el mapa para ver<br \/>\n<a href=\"https:\/\/mcwec.org\/es\/wellfields\/am-i-in-a-wellfield\/\"><img loading=\"lazy\" decoding=\"async\" class=\"size-medium aligncenter\" src=\"https:\/\/mcwec.org\/media\/map-12-2016-296x300.png\" alt=\"Map\" width=\"278\" height=\"300\" \/><\/a><\/p>\n<\/div>\n<div style=\"clear: both;\"><\/div>\n<div class=\"one-half first\">\n<h3>El agua subterr\u00e1nea es nuestra agua potable! Prot\u00e9gala!<\/h3>\n<p>\u00danase al MCWEC para cuiden y mantengan el agua subterr\u00e1nea libre de contaminaci\u00f3n. Todos estamos en esto juntos.<\/p>\n<p><a title=\"Wellfield FAQs\" href=\"https:\/\/mcwec.org\/es\/wellfields\/\"><img loading=\"lazy\" decoding=\"async\" class=\"size-full wp-image-113 aligncenter\" src=\"https:\/\/mcwec.org\/media\/hydrocycle.gif\" alt=\"hydrocycle\" width=\"467\" height=\"328\" \/><\/a>\n<\/div>\n<div class=\"one-half\">\n<h3 style=\"text-align:center;\">Cambios en las Ordenanzas<br \/>&nbsp;<\/h3>\n<p style=\"text-align: center; margin: 10px;\">Si tu negocio esta ubicado dentro de la zona protegida, <a href=\"https:\/\/mcwec.org\/es\/businesses\/regulatory-changes\/\">los cambios en las ordenanzas<\/a> pueden afectar el ejercicio del mismo.<\/p>\n<p><a href=\"https:\/\/mcwec.org\/es\/businesses\/regulatory-changes\/\"><img loading=\"lazy\" decoding=\"async\" src=\"https:\/\/mcwec.org\/media\/gavel-250.jpg\" alt=\"\" width=\"250\" height=\"165\" class=\"aligncenter size-full wp-image-1082\" style=\"margin-top:50px;\" \/><\/a><\/p>\n<\/div>\n<div class=\"one-third first\" style=\"color: #fff;\">.<\/div>\n<div class=\"one-third\">\n<p style=\"margin-top: 24px;\" align=\"center\"><span style=\"font-family: Arial; font-size: small;\">Marion County is designated a<br \/>\n<a href=\"http:\/\/www.groundwater.org\/action\/community\/guardian.html\" target=\"_blank\" rel=\"noopener noreferrer\">Groundwater Guardian Community<\/a><br \/>\nby the <a href=\"http:\/\/www.groundwater.org\/\" target=\"_blank\" rel=\"noopener noreferrer\">National Groundwater Foundation<\/a><\/span><\/p>\n<p style=\"margin-bottom: 0;\" align=\"center\"><img loading=\"lazy\" decoding=\"async\" class=\"alignnone wp-image-136\" src=\"https:\/\/mcwec.org\/media\/guardian_logo-292x300.jpg\" alt=\"guardian_logo\" width=\"100\" height=\"105\" \/><\/p>\n<\/div>\n","protected":false},"excerpt":{"rendered":"<p>Evaluaci\u00f3n gratuita para negocios Los due\u00f1os de los negocios tienen la responsabilidad de asegurarse, que los qu\u00edmicos utilizados en los mismos, no se filtren en el suelo. Aprenda mas sobre una segunda evaluaci\u00f3n gratuita! \u00bfQu\u00e9 es un Wellfield? Las plantas potabilizadoras de agua del Marion County, perforan el suelo para suministrar agua potable a negocios [&hellip;]<\/p>\n<p class=\"more-link-wrap\"><a class=\"more-link\" href=\"https:\/\/mcwec.org\/es\/schedule-free-assessment\/\">Read More<\/a><\/p>","protected":false},"author":4,"featured_media":1444,"parent":0,"menu_order":0,"comment_status":"closed","ping_status":"closed","template":"","meta":{"_monsterinsights_skip_tracking":false,"_monsterinsights_sitenote_active":false,"_monsterinsights_sitenote_note":"","_monsterinsights_sitenote_category":0,"_genesis_hide_title":false,"_genesis_hide_breadcrumbs":false,"_genesis_hide_singular_image":false,"_genesis_hide_footer_widgets":false,"_genesis_custom_body_class":"","_genesis_custom_post_class":"","_genesis_layout":"","footnotes":""},"class_list":{"0":"post-700","1":"page","2":"type-page","3":"status-publish","4":"has-post-thumbnail","6":"entry"},"_links":{"self":[{"href":"https:\/\/mcwec.org\/es\/wp-json\/wp\/v2\/pages\/700","targetHints":{"allow":["GET"]}}],"collection":[{"href":"https:\/\/mcwec.org\/es\/wp-json\/wp\/v2\/pages"}],"about":[{"href":"https:\/\/mcwec.org\/es\/wp-json\/wp\/v2\/types\/page"}],"author":[{"embeddable":true,"href":"https:\/\/mcwec.org\/es\/wp-json\/wp\/v2\/users\/4"}],"replies":[{"embeddable":true,"href":"https:\/\/mcwec.org\/es\/wp-json\/wp\/v2\/comments?post=700"}],"version-history":[{"count":8,"href":"https:\/\/mcwec.org\/es\/wp-json\/wp\/v2\/pages\/700\/revisions"}],"predecessor-version":[{"id":1091,"href":"https:\/\/mcwec.org\/es\/wp-json\/wp\/v2\/pages\/700\/revisions\/1091"}],"wp:featuredmedia":[{"embeddable":true,"href":"https:\/\/mcwec.org\/es\/wp-json\/wp\/v2\/media\/1444"}],"wp:attachment":[{"href":"https:\/\/mcwec.org\/es\/wp-json\/wp\/v2\/media?parent=700"}],"curies":[{"name":"wp","href":"https:\/\/api.w.org\/{rel}","templated":true}]}}