{"id":680,"date":"2013-07-30T18:06:25","date_gmt":"2013-07-30T18:06:25","guid":{"rendered":"https:\/\/mcwec.org\/es\/businesses\/"},"modified":"2026-04-13T14:57:44","modified_gmt":"2026-04-13T18:57:44","slug":"businesses","status":"publish","type":"page","link":"https:\/\/mcwec.org\/es\/businesses\/","title":{"rendered":"Negocios"},"content":{"rendered":"\n<p>Si tu negocio esta ubicado <a href=\"https:\/\/mcwec.org\/es\/wellfields\/estoy-ubicado-en-un-wellfield\/\">dentro de la zona protegida<\/a>, los cambios en las ordenanzas del Marion County Indianapolis zoning codes pueden afectar el ejercicio del mismo.<\/p>\n\n\n\n<p>En los links que se encuentran debajo, usted podr\u00e1 encontrar mas o <a href=\"https:\/\/mcwec.org\/es\/asesoramiento\/\">programar una evaluacion gratuita<\/a>.<\/p>\n\n\n\n<div style=\"clear: both; margin: 20px 0;\">\n<div class=\"one-half first biz\"><a href=\"https:\/\/mcwec.org\/es\/businesses\/regulatory-changes\/\">Las Ordenanzas<\/a><a href=\"https:\/\/mcwec.org\/es\/businesses\/regulatory-changes\/\"><img loading=\"lazy\" decoding=\"async\" class=\"alignleft wp-image-1313 size-full\" src=\"https:\/\/mcwec.org\/media\/law_50.jpg\" alt=\"\" width=\"50\" height=\"50\"><\/a><\/div>\n<div class=\"one-half biz\"><a href=\"https:\/\/mcwec.org\/es\/businesses\/guides-forms\/\">Guias y Recursos<\/a><a href=\"https:\/\/mcwec.org\/es\/businesses\/guides-forms\/\"><img loading=\"lazy\" decoding=\"async\" class=\"alignleft wp-image-1316 size-full\" src=\"https:\/\/mcwec.org\/media\/download_40.jpg\" alt=\"\" width=\"40\" height=\"40\"><\/a><\/div>\n<div class=\"one-half biz first\"><a href=\"https:\/\/mcwec.org\/es\/businesses\/industry-specific-recommendations\/\">Para tu tipo de negocio<\/a><a href=\"https:\/\/mcwec.org\/es\/businesses\/industry-specific-recommendations\/\"><img loading=\"lazy\" decoding=\"async\" class=\"alignleft wp-image-1307 size-full\" src=\"https:\/\/mcwec.org\/media\/building_50.jpg\" alt=\"\" width=\"50\" height=\"50\"><\/a><\/div>\n<div class=\"one-half biz\"><a href=\"https:\/\/mcwec.org\/es\/wellfields\/estoy-ubicado-en-un-wellfield\/\">\u00bfEstoy ubicado en un Wellfield?<\/a><a href=\"https:\/\/mcwec.org\/es\/wellfields\/estoy-ubicado-en-un-wellfield\/\"><img loading=\"lazy\" decoding=\"async\" class=\"alignleft wp-image-1315 size-full\" src=\"https:\/\/mcwec.org\/media\/map_40.jpg\" al\/est=\"\" width=\"40\" height=\"40\"><\/a><\/div>\n<div class=\"one-half biz first\"><a href=\"https:\/\/mcwec.org\/es\/businesses\/waste-disposal\/\">Desechos de sustancias peligrosas<\/a><a href=\"https:\/\/mcwec.org\/es\/businesses\/waste-disposal\/\"><img loading=\"lazy\" decoding=\"async\" class=\"alignleft wp-image-1307 size-full\" src=\"https:\/\/mcwec.org\/media\/gallon-drum-icon-50.jpg\" alt=\"\" width=\"50\" height=\"50\"><\/a><\/div>\n<\/div>\n<div class=\"one-half biz\"><a href=\"https:\/\/mcwec.org\/es\/contencion-secundaria-y-derrames\/\">Asistencia para contenci\u00f3n secundaria <\/a><a href=\"https:\/\/mcwec.org\/es\/contencion-secundaria-y-derrames\/\"><img loading=\"lazy\" decoding=\"async\" class=\"alignleft wp-image-1307 size-full\" src=\"https:\/\/mcwec.org\/media\/container_40.jpg\" alt=\"\" width=\"40\" height=\"40\"><\/a><\/div>\n<\/div>\n\n\n\n<p><em><strong>Notice:<\/strong> MCWEC no proporciona servicios de desechos de sustancias peligrosas. Debe ponerse en contacto directamente con estas organizaciones.<\/em><\/p>\n\n\n\n<h2 class=\"wp-block-heading\">Pr\u00e1cticas beneficiosas<\/h2>\n\n\n\n<h3 class=\"wp-block-heading\"><a href=\"https:\/\/mcwec.org\/2017\/08\/wellfield-spotlight-traders-point-creamery\/\">Traders Point Creamery<\/a><\/h3>\n\n\n\n<p>Si est\u00e1s interesado en mostrar c\u00f3mo tu negocio realiza pr\u00e1cticas beneficiosas para nuestra agua subterr\u00e1nea, este es el lugar, publicita tu negocio a trav\u00e9s del cuidado del medioambiente..<\/p>\n\n\n\n<p>Por favor, <a href=\"https:\/\/mcwec.org\/es\/contact\/\">contactenos<\/a>!<\/p>\n","protected":false},"excerpt":{"rendered":"<p>Si tu negocio esta ubicado dentro de la zona protegida, los cambios en las ordenanzas del Marion County Indianapolis zoning codes pueden afectar el ejercicio del mismo. En los links que se encuentran debajo, usted podr\u00e1 encontrar mas o programar una evaluacion gratuita. Las Ordenanzas Guias y Recursos Para tu tipo de negocio \u00bfEstoy ubicado [&hellip;]<\/p>\n<p class=\"more-link-wrap\"><a class=\"more-link\" href=\"https:\/\/mcwec.org\/es\/businesses\/\">Read More<\/a><\/p>","protected":false},"author":4,"featured_media":0,"parent":0,"menu_order":0,"comment_status":"closed","ping_status":"closed","template":"","meta":{"_monsterinsights_skip_tracking":false,"_monsterinsights_sitenote_active":false,"_monsterinsights_sitenote_note":"","_monsterinsights_sitenote_category":0,"_genesis_hide_title":false,"_genesis_hide_breadcrumbs":false,"_genesis_hide_singular_image":false,"_genesis_hide_footer_widgets":false,"_genesis_custom_body_class":"","_genesis_custom_post_class":"","_genesis_layout":"","footnotes":""},"class_list":{"0":"post-680","1":"page","2":"type-page","3":"status-publish","5":"entry","6":"has-post-thumbnail"},"_links":{"self":[{"href":"https:\/\/mcwec.org\/es\/wp-json\/wp\/v2\/pages\/680","targetHints":{"allow":["GET"]}}],"collection":[{"href":"https:\/\/mcwec.org\/es\/wp-json\/wp\/v2\/pages"}],"about":[{"href":"https:\/\/mcwec.org\/es\/wp-json\/wp\/v2\/types\/page"}],"author":[{"embeddable":true,"href":"https:\/\/mcwec.org\/es\/wp-json\/wp\/v2\/users\/4"}],"replies":[{"embeddable":true,"href":"https:\/\/mcwec.org\/es\/wp-json\/wp\/v2\/comments?post=680"}],"version-history":[{"count":18,"href":"https:\/\/mcwec.org\/es\/wp-json\/wp\/v2\/pages\/680\/revisions"}],"predecessor-version":[{"id":6014,"href":"https:\/\/mcwec.org\/es\/wp-json\/wp\/v2\/pages\/680\/revisions\/6014"}],"wp:attachment":[{"href":"https:\/\/mcwec.org\/es\/wp-json\/wp\/v2\/media?parent=680"}],"curies":[{"name":"wp","href":"https:\/\/api.w.org\/{rel}","templated":true}]}}