{"id":675,"date":"2013-06-25T16:51:22","date_gmt":"2013-06-25T16:51:22","guid":{"rendered":"https:\/\/mcwec.org\/es\/wellfields\/"},"modified":"2017-01-16T14:26:12","modified_gmt":"2017-01-16T14:26:12","slug":"wellfields","status":"publish","type":"page","link":"https:\/\/mcwec.org\/es\/wellfields\/","title":{"rendered":"Wellfield FAQs"},"content":{"rendered":"<h4>\u00bfEstoy ubicado en un Wellfield?<\/h4>\n<p><a href=\"https:\/\/mcwec.org\/es\/wellfields\/estoy-ubicado-en-un-wellfield\/\">Ver los mapas<\/a> para descubrir.<\/p>\n<h4>\u00bfQu\u00e9 es el agua subterr\u00e1nea?<\/h4>\n<p>El agua subterr\u00e1nea comienza en forma de lluvia o nieve derretida. \u00c9stas se filtran desde la superficie hacia capas m\u00e1s profundas de suelo, arena, piedras y gravilla. As\u00ed el agua queda contenida en peque\u00f1os espacios entre los granos de arena y gravilla debajo de la superficie (poros). Mire este <a href=\"https:\/\/www.youtube.com\/watch?v=oNWAerr_xEE\">video en ingl\u00e9s<\/a> para m\u00e1s informaci\u00f3n.<\/p>\n<h4>\u00bfQu\u00e9 es un acu\u00edfero?<\/h4>\n<p>Son capas subterr\u00e1neas de arena, gravilla y piedras, saturadas con agua, la que puede ser extra\u00edda hacia la superficie por medio de un pozo de agua.<\/p>\n<h4>\u00bfQu\u00e9 es un Wellfield?<\/h4>\n<p>Es la zona superficial que rodea un pozo hecho hacia el acu\u00edfero. \u00c9sta tambi\u00e9n es conocido como Well Head Protection Area (WHPA). En \u00e9stas zonas el agua de la superficie se filtra por el suelo hacia las napas.<\/p>\n<h4>\u00bfPor qu\u00e9 debemos preocuparnos por las zonas protegidas (wellfield)?<\/h4>\n<p>Por muchos a\u00f1os se ha cre\u00eddo que agua subterr\u00e1nea, al estar debajo tierra, estaba protegida de la contaminaci\u00f3n. Hoy sabemos que esto no es cierto.<\/p>\n<p>De no ser cuidadosos, podemos contaminar nuestro suministro de agua. Aquellas personas que viven o trabajan en las zonas protegidas (wellfields), son las que necesitan ser m\u00e1s cuidadosas, ya que toda contaminacion del suelo va a terminar filtr\u00e1ndose en el suministro de agua potable de toda la ciudad.<\/p>\n<h4 align=\"left\">\u00bfCuales son los contaminantes que pueden contaminar nuestro suministro de agua?<\/h4>\n<p>Contaminantes incluyen los qu\u00edmicos los cuales est\u00e1n usado en la casa, los negocios, las industrias, y la agricultura. Qu\u00edmicos como los usados para el pasto, el jard\u00edn, la limpieza, como tambi\u00e9n la gasolina, el aceite y la sal usado por los exteriores, pueden contaminar el agua potable si son arrojados al suelo o si no est\u00e1n usados o almacenados correctamente.<\/p>\n<p><img loading=\"lazy\" decoding=\"async\" class=\"size-full wp-image-734 aligncenter\" src=\"https:\/\/mcwec.org\/media\/hydrocycle-es.gif\" alt=\"hydrocycle-es\" width=\"467\" height=\"328\" \/><\/p>\n<h4 align=\"left\">\u00bfD\u00f3nde puedo aprender m\u00e1s sobre el agua subterr\u00e1nea y encontrar recursos para ni\u00f1os?<\/h4>\n<p>Hay recuros (en ingl\u00e9s) para todos en nuestra pagina &#8211; <a href=\"https:\/\/mcwec.org\/2017\/01\/more-about-groundwater\/\">\u00abMore about groundwater\u00bb.<\/a><\/p>\n","protected":false},"excerpt":{"rendered":"<p>\u00bfEstoy ubicado en un Wellfield? Ver los mapas para descubrir. \u00bfQu\u00e9 es el agua subterr\u00e1nea? El agua subterr\u00e1nea comienza en forma de lluvia o nieve derretida. \u00c9stas se filtran desde la superficie hacia capas m\u00e1s profundas de suelo, arena, piedras y gravilla. As\u00ed el agua queda contenida en peque\u00f1os espacios entre los granos de arena [&hellip;]<\/p>\n<p class=\"more-link-wrap\"><a class=\"more-link\" href=\"https:\/\/mcwec.org\/es\/wellfields\/\">Read More<\/a><\/p>","protected":false},"author":4,"featured_media":0,"parent":0,"menu_order":0,"comment_status":"closed","ping_status":"closed","template":"","meta":{"_monsterinsights_skip_tracking":false,"_monsterinsights_sitenote_active":false,"_monsterinsights_sitenote_note":"","_monsterinsights_sitenote_category":0,"_genesis_hide_title":false,"_genesis_hide_breadcrumbs":false,"_genesis_hide_singular_image":false,"_genesis_hide_footer_widgets":false,"_genesis_custom_body_class":"","_genesis_custom_post_class":"","_genesis_layout":"","footnotes":""},"class_list":{"0":"post-675","1":"page","2":"type-page","3":"status-publish","5":"entry","6":"has-post-thumbnail"},"_links":{"self":[{"href":"https:\/\/mcwec.org\/es\/wp-json\/wp\/v2\/pages\/675","targetHints":{"allow":["GET"]}}],"collection":[{"href":"https:\/\/mcwec.org\/es\/wp-json\/wp\/v2\/pages"}],"about":[{"href":"https:\/\/mcwec.org\/es\/wp-json\/wp\/v2\/types\/page"}],"author":[{"embeddable":true,"href":"https:\/\/mcwec.org\/es\/wp-json\/wp\/v2\/users\/4"}],"replies":[{"embeddable":true,"href":"https:\/\/mcwec.org\/es\/wp-json\/wp\/v2\/comments?post=675"}],"version-history":[{"count":5,"href":"https:\/\/mcwec.org\/es\/wp-json\/wp\/v2\/pages\/675\/revisions"}],"predecessor-version":[{"id":997,"href":"https:\/\/mcwec.org\/es\/wp-json\/wp\/v2\/pages\/675\/revisions\/997"}],"wp:attachment":[{"href":"https:\/\/mcwec.org\/es\/wp-json\/wp\/v2\/media?parent=675"}],"curies":[{"name":"wp","href":"https:\/\/api.w.org\/{rel}","templated":true}]}}