{"id":673,"date":"2016-01-25T14:15:15","date_gmt":"2016-01-25T14:15:15","guid":{"rendered":"https:\/\/mcwec.org\/es\/hazardous-waste-disposal\/"},"modified":"2025-08-15T18:48:47","modified_gmt":"2025-08-15T22:48:47","slug":"hazardous-waste-disposal","status":"publish","type":"page","link":"https:\/\/mcwec.org\/es\/businesses\/waste-disposal\/hazardous-waste-disposal\/","title":{"rendered":"Desechos de sustancias peligrosas"},"content":{"rendered":"\n<p>En nuestra vida cotidiana, utilizamos muchos productos peligrosos para el medioambiente: productos de limpieza, pesticidas para el jard\u00edn o productos para pintar,etc; \u00e9stos reciben en el nombre de household hazardous waste (HHW). Cuando estos son desechos en forma incorrecta, contaminan el suelo, agua subterr\u00e1nea y en definitiva el agua potable que consumimos.<\/p>\n\n\n\n<p class=\"disclaimer\"><strong>Notice:<\/strong> MCWEC no proporciona servicios de desechos de sustancias peligrosas. Debe ponerse en contacto directamente con estas organizaciones.<\/p>\n\n\n\n<h2 class=\"wp-block-heading\">Residentes del Marion County<\/h2>\n\n\n\n<p>El Departamento P\u00fablico de Indian\u00e1polis ofrece un programa llamado <a href=\"http:\/\/www.indy.gov\/eGov\/City\/DPW\/SustainIndy\/Waste\/Reuse\/Pages\/ToxDrop.aspx\">ToxDrop<\/a>, mediante este los peque\u00f1os productores de residuos peligrosos (HHW) pueden desechar los mismos sin afectar al medioambiente. Existe un servicio continuo los d\u00edas s\u00e1bados a largo del a\u00f1o, como tambi\u00e9n eventos especiales donde usted puede concurrir a desechar sus residuos peligrosos.<\/p>\n\n\n\n<p>Para encontrar un lugar cerca de tu domicilio, visita <a href=\"http:\/\/www.indy.gov\/egov\/city\/dpw\/sustainindy\/waste\/reuse\/pages\/toxdrop.aspx\" target=\"_blank\" rel=\"noopener\">ToxDrop program website<\/a>.<\/p>\n\n\n\n<h2 class=\"wp-block-heading\">Negocios peque\u00f1os<\/h2>\n\n\n\n<p>Dependiendo de los tipos y la cantidad de substancias peligrosos, su negocio puede calificar para usar el programa de la ciudad de Indian\u00e1polis ToxDrop. Si no, algunas compa\u00f1\u00edas alternativas de eliminaci\u00f3n de residuos que puedan ayudarle incluyen<\/p>\n\n\n\n<ul class=\"wp-block-list\">\n<li><a href=\"http:\/\/www.safety-kleen.com\/products-services\/waste-management\">Safety Kleen<\/a><\/li>\n\n\n\n<li><a href=\"http:\/\/www.superioroil.com\/Waste_Management\/1\/\">Superior Oil &amp; Solvents<\/a><\/li>\n\n\n\n<li><a href=\"http:\/\/www.liquidwasteremoval.com\/waste-disposal\/\">Liquid Waste Removal<\/a><\/li>\n<\/ul>\n\n\n\n<p>Si desea asistir en la selecci\u00f3n de una empresa para desechos de sustancias peligrosas o si su empresa no est\u00e1 en la lista y le gustar\u00eda estar en la lista de esta p\u00e1gina, <a href=\"https:\/\/mcwec.org\/es\/contact\/\">p\u00f3ngase en contacto<\/a> con nosotros.<\/p>\n","protected":false},"excerpt":{"rendered":"<p>During our daily activities we use many products which are hazardous to the environment: cleaning products, painting supplies, or garden pesticides known as household wastes. <br \/><a href=\"https:\/\/mcwec.org\/es\/businesses\/waste-disposal\/hazardous-waste-disposal\/\">Find where you can dispose of hazardous waste<\/a><\/p>\n<p class=\"more-link-wrap\"><a class=\"more-link\" href=\"https:\/\/mcwec.org\/es\/businesses\/waste-disposal\/hazardous-waste-disposal\/\">Read More<\/a><\/p>","protected":false},"author":4,"featured_media":1446,"parent":894,"menu_order":0,"comment_status":"closed","ping_status":"closed","template":"","meta":{"_monsterinsights_skip_tracking":false,"_monsterinsights_sitenote_active":false,"_monsterinsights_sitenote_note":"","_monsterinsights_sitenote_category":0,"_genesis_hide_title":false,"_genesis_hide_breadcrumbs":false,"_genesis_hide_singular_image":false,"_genesis_hide_footer_widgets":false,"_genesis_custom_body_class":"","_genesis_custom_post_class":"","_genesis_layout":"","footnotes":""},"class_list":{"0":"post-673","1":"page","2":"type-page","3":"status-publish","4":"has-post-thumbnail","6":"entry"},"_links":{"self":[{"href":"https:\/\/mcwec.org\/es\/wp-json\/wp\/v2\/pages\/673","targetHints":{"allow":["GET"]}}],"collection":[{"href":"https:\/\/mcwec.org\/es\/wp-json\/wp\/v2\/pages"}],"about":[{"href":"https:\/\/mcwec.org\/es\/wp-json\/wp\/v2\/types\/page"}],"author":[{"embeddable":true,"href":"https:\/\/mcwec.org\/es\/wp-json\/wp\/v2\/users\/4"}],"replies":[{"embeddable":true,"href":"https:\/\/mcwec.org\/es\/wp-json\/wp\/v2\/comments?post=673"}],"version-history":[{"count":5,"href":"https:\/\/mcwec.org\/es\/wp-json\/wp\/v2\/pages\/673\/revisions"}],"predecessor-version":[{"id":5585,"href":"https:\/\/mcwec.org\/es\/wp-json\/wp\/v2\/pages\/673\/revisions\/5585"}],"up":[{"embeddable":true,"href":"https:\/\/mcwec.org\/es\/wp-json\/wp\/v2\/pages\/894"}],"wp:featuredmedia":[{"embeddable":true,"href":"https:\/\/mcwec.org\/es\/wp-json\/wp\/v2\/media\/1446"}],"wp:attachment":[{"href":"https:\/\/mcwec.org\/es\/wp-json\/wp\/v2\/media?parent=673"}],"curies":[{"name":"wp","href":"https:\/\/api.w.org\/{rel}","templated":true}]}}