{"id":670,"date":"2013-07-31T13:56:18","date_gmt":"2013-07-31T13:56:18","guid":{"rendered":"https:\/\/mcwec.org\/es\/fuel-convenience-stores\/"},"modified":"2025-09-09T13:58:18","modified_gmt":"2025-09-09T17:58:18","slug":"fuel-convenience-stores","status":"publish","type":"page","link":"https:\/\/mcwec.org\/es\/businesses\/industry-specific-recommendations\/fuel-convenience-stores\/","title":{"rendered":"Gasolineras y sus negocios"},"content":{"rendered":"\n<h4 class=\"wp-block-heading\">\u00bfPorqu\u00e9 tenemos que tomar conciencia y cuidar las zonas protegidas (wellfields)?<\/h4>\n\n\n\n<p><span style=\"line-height: 1.8;\">Por muchos a\u00f1os se crey\u00f3 que el agua subterr\u00e1nea estaba protegida de la contaminaci\u00f3n exterior. Ahora sabemos que los distintas sustancias contaminantes pueden filtrarse hacia las capas subterr\u00e1neas, afectando asi nuestro suministro de agua potable. Debido al crecimiento de Indiana, la \u00fanica forma de abastecer la demanda de agua es utilizando el agua subterr\u00e1nea. <\/span><\/p>\n\n\n\n<h4 class=\"wp-block-heading\"><span style=\"color: inherit; line-height: 1.8;\">\u00bfC\u00f3mo afecta esto a mi gasolinera y negocio?<\/span><\/h4>\n\n\n\n<ul class=\"wp-block-list\">\n<li>Se han realizado ciertos cambios en las leyes y ordenanzas del Marion County, los cuales afectar\u00e1n a su negocio. Por estos, se exigir\u00e1 la realizaci\u00f3n de ciertas pr\u00e1cticas (Best Management Practices), las cuales en el pasado, eran voluntarias.<\/li>\n\n\n\n<li>Manejando en forma cuidadosa las sustancias contaminantes que utilizada en su negocio, usted va a evitar contaminar el medioambiente que lo rodea y asi tambi\u00e9n una costosa limpieza del sitio luego.<\/li>\n\n\n\n<li>Ser un buen vecino en cuanto a la protecci\u00f3n de las wellfield (zonas protegidas), es beneficioso para su negocio, y ser\u00e1 apreciado por sus clientes.<\/li>\n<\/ul>\n\n\n\n<h4 class=\"wp-block-heading\">\u00bfQu\u00e9 es potencialmente contaminante?<\/h4>\n\n\n\n<p>En las estaciones de servicio, gasolineras y sus negocios, el derramamiento de gasolina y aceite son peligros obvios. Pero tampoco podemos perder de vista productos como, limpiavidrios, u otros productos qu\u00edmicos utilizados para la limpieza, los cuales podr\u00edan caer en el suelo alrededor de su negocio.<\/p>\n\n\n\n<h4 class=\"wp-block-heading\">\u00bfQu\u00e9 puedo hacer para proteger el agua subterr\u00e1nea?<\/h4>\n\n\n\n<ul class=\"wp-block-list\">\n<li>Si usted posee tanques de almacenamiento subterr\u00e1neos, aseg\u00farese de que los mismos cumplan con los requisitos federales y estatales.<\/li>\n\n\n\n<li>Aseg\u00farese de tapas y sellar las rejillas que se encuentran cerca de donde usted maneja o almacena productos qu\u00edmicos.<\/li>\n\n\n\n<li>Limpie con materiales granulados absorbentes (piedritas para gatos) los derrames peque\u00f1os (0.5 a 5 galones) y des\u00e9chelos en forma correcta.<\/li>\n\n\n\n<li>No deseche ningun producto qu\u00edmico o agua que haya sido contaminada con alg\u00fan producto qu\u00edmico, aceite u otro l\u00edquido proveniente de los veh\u00edculos, en las piletas, bachas o desag\u00fces de su negocio. Usted debe utilizar un servicio especializado en la recolecci\u00f3n de las sustancias peligrosas, o tambi\u00e9n puede llevar los mismo a los Tox-Drop que la ciudad de Indian\u00e1polis tiene establecido para los peque\u00f1os productores de desechos t\u00f3xicos. (A su vez debe poner se\u00f1ales en las bachas o piletas de forma tal de prevenir a los empleados).<\/li>\n\n\n\n<li>Almacene todos los productos qu\u00edmicos en cajas pl\u00e1sticas o bandejas, de forma de evitar cualquier derramamiento de los mismos en el suelo.<\/li>\n\n\n\n<li>Debe entrenar a sus empleados para que los mismos sean capaces de prevenir todo tipo de contaminaci\u00f3n como tambi\u00e9n entrenarlos en la correcta forma de actuar luego de que un derrame haya tenido lugar.<\/li>\n<\/ul>\n\n\n\n<h4 class=\"wp-block-heading\">Educaci\u00f3n y entrenamiento<\/h4>\n\n\n\n<p>Existen diversas formas en las que usted puede informarse de c\u00f3mo cumplir con las ordenanzas (ya sea internet o ayuda personalizada). Aqu\u00ed le dejamos lo que usted puede hacer:<\/p>\n\n\n\n<ul class=\"wp-block-list\">\n<li><a href=\"https:\/\/mcwec.org\/es\/asesoramiento\/\">Contactenos<\/a>\u00a0para que podamos ayudarlos y darle recomendaciones sobre su plan anti derramamientos.<\/li>\n\n\n\n<li>Revise lo que dispone\u00a0The Indiana Department of Environmental Management\u00a0especialmente en impresi\u00f3n comercial (en\u00a0<a href=\"https:\/\/mcwec.org\/media\/Notification-to-Chemical-Product-Waste-Suppliers-or-Transporters.pdf\">ingl\u00e9s<\/a>).<\/li>\n\n\n\n<li>Visite nuestra\u00a0<a href=\"https:\/\/mcwec.org\/es\/resources\/\">pagina de educaci\u00f3n<\/a>\u00a0donde puede encontrar videos, paginas web y demas ayuda para su negocio.<\/li>\n<\/ul>\n","protected":false},"excerpt":{"rendered":"<p>\u00bfPorqu\u00e9 tenemos que tomar conciencia y cuidar las zonas protegidas (wellfields)? Por muchos a\u00f1os se crey\u00f3 que el agua subterr\u00e1nea estaba protegida de la contaminaci\u00f3n exterior. Ahora sabemos que los distintas sustancias contaminantes pueden filtrarse hacia las capas subterr\u00e1neas, afectando asi nuestro suministro de agua potable. Debido al crecimiento de Indiana, la \u00fanica forma de [&hellip;]<\/p>\n<p class=\"more-link-wrap\"><a class=\"more-link\" href=\"https:\/\/mcwec.org\/es\/businesses\/industry-specific-recommendations\/fuel-convenience-stores\/\">Read More<\/a><\/p>","protected":false},"author":4,"featured_media":0,"parent":892,"menu_order":0,"comment_status":"closed","ping_status":"closed","template":"","meta":{"_monsterinsights_skip_tracking":false,"_monsterinsights_sitenote_active":false,"_monsterinsights_sitenote_note":"","_monsterinsights_sitenote_category":0,"_genesis_hide_title":false,"_genesis_hide_breadcrumbs":false,"_genesis_hide_singular_image":false,"_genesis_hide_footer_widgets":false,"_genesis_custom_body_class":"","_genesis_custom_post_class":"","_genesis_layout":"","footnotes":""},"class_list":{"0":"post-670","1":"page","2":"type-page","3":"status-publish","5":"entry"},"_links":{"self":[{"href":"https:\/\/mcwec.org\/es\/wp-json\/wp\/v2\/pages\/670","targetHints":{"allow":["GET"]}}],"collection":[{"href":"https:\/\/mcwec.org\/es\/wp-json\/wp\/v2\/pages"}],"about":[{"href":"https:\/\/mcwec.org\/es\/wp-json\/wp\/v2\/types\/page"}],"author":[{"embeddable":true,"href":"https:\/\/mcwec.org\/es\/wp-json\/wp\/v2\/users\/4"}],"replies":[{"embeddable":true,"href":"https:\/\/mcwec.org\/es\/wp-json\/wp\/v2\/comments?post=670"}],"version-history":[{"count":4,"href":"https:\/\/mcwec.org\/es\/wp-json\/wp\/v2\/pages\/670\/revisions"}],"predecessor-version":[{"id":5665,"href":"https:\/\/mcwec.org\/es\/wp-json\/wp\/v2\/pages\/670\/revisions\/5665"}],"up":[{"embeddable":true,"href":"https:\/\/mcwec.org\/es\/wp-json\/wp\/v2\/pages\/892"}],"wp:attachment":[{"href":"https:\/\/mcwec.org\/es\/wp-json\/wp\/v2\/media?parent=670"}],"curies":[{"name":"wp","href":"https:\/\/api.w.org\/{rel}","templated":true}]}}