{"id":668,"date":"2016-08-08T13:23:30","date_gmt":"2016-08-08T13:23:30","guid":{"rendered":"https:\/\/mcwec.org\/es\/?page_id=668"},"modified":"2025-09-09T14:56:22","modified_gmt":"2025-09-09T18:56:22","slug":"lavado-en-seco","status":"publish","type":"page","link":"https:\/\/mcwec.org\/es\/businesses\/industry-specific-recommendations\/lavado-en-seco\/","title":{"rendered":"Lavado en seco"},"content":{"rendered":"\n<h4 class=\"wp-block-heading\"><strong>\u00bfPorqu\u00e9 tenemos que tomar conciencia y cuidar las zonas protegidas (wellfields)?<\/strong><\/h4>\n\n\n\n<p>Por muchos a\u00f1os se crey\u00f3 que el agua subterr\u00e1nea estaba protegida de la contaminaci\u00f3n exterior. Ahora sabemos que los distintas sustancias contaminantes pueden filtrarse hacia las capas subterr\u00e1neas, afectando asi nuestro suministro de agua potable. Debido al crecimiento de Indiana, la \u00fanica forma de abastecer la demanda de agua es utilizando el agua subterr\u00e1nea.<\/p>\n\n\n\n<h4 class=\"wp-block-heading\">\u00bfC\u00f3mo le afecta esto a mi negocio de lavado en seco?<\/h4>\n\n\n\n<ul class=\"wp-block-list\">\n<li>Se han realizado ciertos cambios en las leyes y ordenanzas del Marion County, los cuales afectar\u00e1n a su negocio. Por estos, se exigir\u00e1 la realizaci\u00f3n de ciertas pr\u00e1cticas (Best Management Practices), las cuales en el pasado, eran voluntarias.<\/li>\n\n\n\n<li>Manejando en forma cuidadosa las sustancias contaminantes que utilizada en su negocio, usted va a evitar contaminar el medioambiente que lo rodea y asi tambi\u00e9n una costosa limpieza del sitio luego.<\/li>\n\n\n\n<li>Ser un buen vecino en cuanto a la protecci\u00f3n de las wellfield (zonas protegidas), es beneficioso para su negocio, y ser\u00e1 apreciado por sus clientes.<\/li>\n<\/ul>\n\n\n\n<h4 class=\"wp-block-heading\">\u00bfQu\u00e9 es potencialmente contaminante?<\/h4>\n\n\n\n<p>En los negocios de lavado en seco, los productos contaminantes m\u00e1s comunes son los solventes . Sin embargo, tambi\u00e9n puede haber ciertos productos qu\u00edmicos potencialmente contaminantes, al ser derramados en el piso o tirados por las ca\u00f1er\u00edas.<\/p>\n\n\n\n<h4 class=\"wp-block-heading\">\u00bfQu\u00e9 debo hacer seg\u00fan el nuevo c\u00f3digo de la ciudad?<\/h4>\n\n\n\n<p>Algunos puntos importantes del c\u00f3digo incluyen:<\/p>\n\n\n\n<ul class=\"wp-block-list\">\n<li>Proporcionar contenci\u00f3n secundaria para cualquier contenedor con m\u00e1s de 40 galones de l\u00edquidos o 240 lb de s\u00f3lidos solubles en agua, que pueda contener el 110 % de su volumen durante al menos 24 horas.<\/li>\n\n\n\n<li>Proporcionar contenci\u00f3n secundaria para cualquier \u00e1rea donde se encuentren varios contenedores con un contenido de hasta 40 galones de l\u00edquidos o 240 lb de s\u00f3lidos solubles en agua, que pueda contener el 110 % de su volumen durante al menos 24 horas.<\/li>\n\n\n\n<li>Aseg\u00farese de que las \u00e1reas de contenci\u00f3n ubicadas en el exterior est\u00e9n correctamente drenadas o protegidas de la intemperie.<\/li>\n\n\n\n<li>Elabore un plan de prevenci\u00f3n de derrames en caso de emergencia.<\/li>\n\n\n\n<li>Notifique por escrito a los proveedores de productos qu\u00edmicos y transportistas de residuos que se encuentra en una zona de protecci\u00f3n de pozos.\u00a0<a href=\"https:\/\/mcwec.org\/media\/Notification-to-Chemical-Product-Waste-Suppliers-or-Transporters.pdf\">Descargue un formulario de notificaci\u00f3n imprimible (ingl\u00e9s)<\/a>.<\/li>\n\n\n\n<li><a href=\"https:\/\/drive.google.com\/file\/d\/1REUAkA_8OXILQ79bhpj1KqRU4ziImFMM\/view\">Coloque letreros en todas las entradas<\/a>\u00a0para que los empleados, clientes y visitantes sepan que se encuentra en una zona de protecci\u00f3n de pozos. Coloque letreros con los n\u00fameros de emergencia correspondientes a su zona.\u00a0<a href=\"https:\/\/drive.google.com\/file\/d\/1wDIZQ3l215KipFhF8OxsjCVapePOc7db\/view\">Coloque letreros en los lavabos<\/a>\u00a0y dentro de las \u00e1reas de almacenamiento de productos qu\u00edmicos que recuerden a los empleados que no se pueden verter productos qu\u00edmicos por los desag\u00fces.<\/li>\n\n\n\n<li>Elabore un inventario de productos qu\u00edmicos que incluya todos los productos qu\u00edmicos en sus instalaciones.\u00a0<a href=\"https:\/\/mcwec.org\/media\/Chemical-Inventory.pdf\">Utilice esta hoja<\/a>\u00a0<a href=\"https:\/\/mcwec.org\/media\/Notification-to-Chemical-Product-Waste-Suppliers-or-Transporters.pdf\">(ingl\u00e9s)<\/a>\u00a0para empezar.<\/li>\n\n\n\n<li>Tenga un kit para derrames. Consulte la informaci\u00f3n sobre qu\u00e9 debe contener.<\/li>\n\n\n\n<li>Capacite a los empleados en el uso del kit para derrames.\u00a0<a href=\"https:\/\/drive.google.com\/file\/d\/1ofIS7i8bT_48EMkYogbNtfBMP3SzznVm\/view\">Registre sus registros de capacitaci\u00f3n en este formulario.<\/a><\/li>\n\n\n\n<li>Aseg\u00farese de que sus pisos est\u00e9n en buen estado para evitar derrames, fugas o goteos que puedan llegar al suelo.<\/li>\n\n\n\n<li>Aseg\u00farese de que todos sus contenedores de productos qu\u00edmicos est\u00e9n etiquetados.<\/li>\n<\/ul>\n\n\n\n<p>\u00bfQu\u00e9 m\u00e1s puedo hacer en mi lugar de trabajo para ayudar a proteger las aguas subterr\u00e1neas?<\/p>\n\n\n\n<ul class=\"wp-block-list\">\n<li>Si usted posee tanques de almacenamiento subterr\u00e1neos, aseg\u00farese de que los mismos cumplan con los requisitos federales y estatales.<\/li>\n\n\n\n<li>Si es posible, instale un contenedor secundario alrededor de sus m\u00e1quinas lavadoras, del lugar donde almacena las sustancias peligrosas y de donde contiene los quitamanchas. Tambi\u00e9n aseg\u00farese de plastificar (sellar) los pisos.<\/li>\n\n\n\n<li>Aseg\u00farese de tapas y sellar las rejillas que se encuentran cerca de donde usted maneja o almacena productos qu\u00edmicos.<\/li>\n\n\n\n<li>Limpie con materiales absorbentes los derrames peque\u00f1os (menores a 7 galones) y use su maquina de lavado en seco para recuperar el solvente. Entrene a los empleados sobre la prevenci\u00f3n de derramamientos.<\/li>\n\n\n\n<li>No deseche ningun producto qu\u00edmico o agua que haya sido contaminada con alg\u00fan producto qu\u00edmico en las piletas, bachas o desag\u00fces de su negocio. Usted debe utilizar un servicio especializado en la recolecci\u00f3n de las sustancias peligrosas, o tambi\u00e9n puede llevar los mismo a los Tox-Drop que la ciudad de Indian\u00e1polis tiene establecido para los peque\u00f1os productores de desechos t\u00f3xicos.<\/li>\n\n\n\n<li>Debe entrenar a sus empleados para que los mismos sean capaces de prevenir todo tipo de contaminaci\u00f3n como tambi\u00e9n entrenarlos en la correcta forma de actuar luego de que un derrame haya tenido lugar.<\/li>\n<\/ul>\n\n\n\n<h4 class=\"wp-block-heading\">Educaci\u00f3n y entrenamiento<\/h4>\n\n\n\n<p>Existen diversas formas en las que usted puede informarse de c\u00f3mo cumplir con las ordenanzas (ya sea internet o ayuda personalizada). Aqu\u00ed le dejamos lo que usted puede hacer:<\/p>\n\n\n\n<ul class=\"wp-block-list\">\n<li>Leer gu\u00eda para el taller de limpieza en seco (<a href=\"https:\/\/mcwec.org\/media\/Dry_Cleaner_Guidance_Spanish_September_2012-short.pdf\">corta<\/a> o <a href=\"https:\/\/mcwec.org\/media\/Dry_Cleaner_Guidance_Spanish_September_2012.pdf\">larga<\/a>)<\/li>\n\n\n\n<li>Revise lo que dispone <a href=\"http:\/\/www.in.gov\/idem\/ctap\/2358.htm\">Indiana Department of Environmental Management<\/a> especialmente en materia de secadoras en seco.<\/li>\n\n\n\n<li>Visite nuestra <a href=\"https:\/\/mcwec.org\/es\/resources\/\">pagina de educaci\u00f3n<\/a> donde puede encontrar videos, paginas web y demas ayuda para su negocio.<\/li>\n\n\n\n<li><a href=\"https:\/\/mcwec.org\/es\/contact\/\">Contactenos<\/a> para que podamos ayudarlos y darle recomendaciones sobre su plan antiderramamientos.<\/li>\n<\/ul>\n","protected":false},"excerpt":{"rendered":"<p>\u00bfPorqu\u00e9 tenemos que tomar conciencia y cuidar las zonas protegidas (wellfields)? Por muchos a\u00f1os se crey\u00f3 que el agua subterr\u00e1nea estaba protegida de la contaminaci\u00f3n exterior. Ahora sabemos que los distintas sustancias contaminantes pueden filtrarse hacia las capas subterr\u00e1neas, afectando asi nuestro suministro de agua potable. Debido al crecimiento de Indiana, la \u00fanica forma de [&hellip;]<\/p>\n<p class=\"more-link-wrap\"><a class=\"more-link\" href=\"https:\/\/mcwec.org\/es\/businesses\/industry-specific-recommendations\/lavado-en-seco\/\">Read More<\/a><\/p>","protected":false},"author":4,"featured_media":0,"parent":892,"menu_order":0,"comment_status":"closed","ping_status":"closed","template":"","meta":{"_monsterinsights_skip_tracking":false,"_monsterinsights_sitenote_active":false,"_monsterinsights_sitenote_note":"","_monsterinsights_sitenote_category":0,"_genesis_hide_title":false,"_genesis_hide_breadcrumbs":false,"_genesis_hide_singular_image":false,"_genesis_hide_footer_widgets":false,"_genesis_custom_body_class":"","_genesis_custom_post_class":"","_genesis_layout":"","footnotes":""},"class_list":{"0":"post-668","1":"page","2":"type-page","3":"status-publish","5":"entry"},"_links":{"self":[{"href":"https:\/\/mcwec.org\/es\/wp-json\/wp\/v2\/pages\/668","targetHints":{"allow":["GET"]}}],"collection":[{"href":"https:\/\/mcwec.org\/es\/wp-json\/wp\/v2\/pages"}],"about":[{"href":"https:\/\/mcwec.org\/es\/wp-json\/wp\/v2\/types\/page"}],"author":[{"embeddable":true,"href":"https:\/\/mcwec.org\/es\/wp-json\/wp\/v2\/users\/4"}],"replies":[{"embeddable":true,"href":"https:\/\/mcwec.org\/es\/wp-json\/wp\/v2\/comments?post=668"}],"version-history":[{"count":7,"href":"https:\/\/mcwec.org\/es\/wp-json\/wp\/v2\/pages\/668\/revisions"}],"predecessor-version":[{"id":5682,"href":"https:\/\/mcwec.org\/es\/wp-json\/wp\/v2\/pages\/668\/revisions\/5682"}],"up":[{"embeddable":true,"href":"https:\/\/mcwec.org\/es\/wp-json\/wp\/v2\/pages\/892"}],"wp:attachment":[{"href":"https:\/\/mcwec.org\/es\/wp-json\/wp\/v2\/media?parent=668"}],"curies":[{"name":"wp","href":"https:\/\/api.w.org\/{rel}","templated":true}]}}