{"id":666,"date":"2016-06-22T17:28:56","date_gmt":"2016-06-22T17:28:56","guid":{"rendered":"https:\/\/mcwec.org\/es\/business-spotlight\/"},"modified":"2017-01-03T16:39:10","modified_gmt":"2017-01-03T16:39:10","slug":"business-spotlight","status":"publish","type":"page","link":"https:\/\/mcwec.org\/es\/businesses\/business-spotlight\/","title":{"rendered":"Practicas destacadas de tu negocio"},"content":{"rendered":"<h2>Triton Brewering Company<\/h2>\n<p>Recientemente tuvimos la oportunidad de visitar el Triton Brewery ubicado en Lawrence que utiliza exclusivamente agua potable de Lawrence para preparar su cerveza.<\/p>\n<p>Triton Brewing Company fabric\u00f3 su primer cerveza en septiembre de 2011. En promedio, elaboran unos 9.500 galones de cerveza al mes, lo que requiere m\u00e1s de 83.000 galones de agua! Debido a su inter\u00e9s en la buena calidad del agua a la cerveza de productos de buena calidad, son un buen socio para MCWEC en la protecci\u00f3n de las aguas subterr\u00e1neas.<\/p>\n<p>Escuche al propietario Dave Waldman hablar de su perspectiva sobre la importancia de la protecci\u00f3n de las aguas subterr\u00e1neas (ingles).<\/p>\n<div style=\"width: 640px;\" class=\"wp-video\"><video class=\"wp-video-shortcode\" id=\"video-666-1\" width=\"640\" height=\"360\" preload=\"metadata\" controls=\"controls\"><source type=\"video\/mp4\" src=\"https:\/\/mcwec.org\/media\/triton-spotlight-web.mp4?_=1\" \/><a href=\"https:\/\/mcwec.org\/media\/triton-spotlight-web.mp4\">https:\/\/mcwec.org\/media\/triton-spotlight-web.mp4<\/a><\/video><\/div>\n<p>Si est\u00e1s interesado en mostrar c\u00f3mo tu negocio realiza pr\u00e1cticas beneficiosas para nuestra agua subterr\u00e1nea, este es el lugar, publicita tu negocio a trav\u00e9s del cuidado del medioambiente..<\/p>\n<p>Por favor, <a href=\"https:\/\/mcwec.org\/es\/contact\/\">contactenos<\/a>!<\/p>\n","protected":false},"excerpt":{"rendered":"<p>Triton Brewering Company Recientemente tuvimos la oportunidad de visitar el Triton Brewery ubicado en Lawrence que utiliza exclusivamente agua potable de Lawrence para preparar su cerveza. Triton Brewing Company fabric\u00f3 su primer cerveza en septiembre de 2011. En promedio, elaboran unos 9.500 galones de cerveza al mes, lo que requiere m\u00e1s de 83.000 galones de [&hellip;]<\/p>\n<p class=\"more-link-wrap\"><a class=\"more-link\" href=\"https:\/\/mcwec.org\/es\/businesses\/business-spotlight\/\">Read More<\/a><\/p>","protected":false},"author":4,"featured_media":0,"parent":680,"menu_order":0,"comment_status":"closed","ping_status":"closed","template":"","meta":{"_monsterinsights_skip_tracking":false,"_monsterinsights_sitenote_active":false,"_monsterinsights_sitenote_note":"","_monsterinsights_sitenote_category":0,"_genesis_hide_title":false,"_genesis_hide_breadcrumbs":false,"_genesis_hide_singular_image":false,"_genesis_hide_footer_widgets":false,"_genesis_custom_body_class":"","_genesis_custom_post_class":"","_genesis_layout":"","footnotes":""},"class_list":{"0":"post-666","1":"page","2":"type-page","3":"status-publish","5":"entry"},"_links":{"self":[{"href":"https:\/\/mcwec.org\/es\/wp-json\/wp\/v2\/pages\/666","targetHints":{"allow":["GET"]}}],"collection":[{"href":"https:\/\/mcwec.org\/es\/wp-json\/wp\/v2\/pages"}],"about":[{"href":"https:\/\/mcwec.org\/es\/wp-json\/wp\/v2\/types\/page"}],"author":[{"embeddable":true,"href":"https:\/\/mcwec.org\/es\/wp-json\/wp\/v2\/users\/4"}],"replies":[{"embeddable":true,"href":"https:\/\/mcwec.org\/es\/wp-json\/wp\/v2\/comments?post=666"}],"version-history":[{"count":7,"href":"https:\/\/mcwec.org\/es\/wp-json\/wp\/v2\/pages\/666\/revisions"}],"predecessor-version":[{"id":977,"href":"https:\/\/mcwec.org\/es\/wp-json\/wp\/v2\/pages\/666\/revisions\/977"}],"up":[{"embeddable":true,"href":"https:\/\/mcwec.org\/es\/wp-json\/wp\/v2\/pages\/680"}],"wp:attachment":[{"href":"https:\/\/mcwec.org\/es\/wp-json\/wp\/v2\/media?parent=666"}],"curies":[{"name":"wp","href":"https:\/\/api.w.org\/{rel}","templated":true}]}}