{"id":662,"date":"2013-07-31T14:11:32","date_gmt":"2013-07-31T14:11:32","guid":{"rendered":"https:\/\/mcwec.org\/es\/auto-repair-service\/"},"modified":"2025-09-09T13:57:00","modified_gmt":"2025-09-09T17:57:00","slug":"auto-repair-service","status":"publish","type":"page","link":"https:\/\/mcwec.org\/es\/businesses\/industry-specific-recommendations\/auto-repair-service\/","title":{"rendered":"Reparacion y service de auto"},"content":{"rendered":"\n<h4 class=\"wp-block-heading\"><strong>\u00bfPorqu\u00e9 tenemos que tomar conciencia y cuidar las zonas protegidas (wellfields)?<\/strong><\/h4>\n\n\n\n<p>Por muchos a\u00f1os se crey\u00f3 que el agua subterr\u00e1nea estaba protegida de la contaminaci\u00f3n exterior. Ahora sabemos que los distintas sustancias contaminantes pueden filtrarse hacia las capas subterr\u00e1neas, afectando asi nuestro suministro de agua potable. Debido al crecimiento de Indiana, la \u00fanica forma de abastecer la demanda de agua es utilizando el agua subterr\u00e1nea.<\/p>\n\n\n\n<h4 class=\"wp-block-heading\"><strong>\u00bfC\u00f3mo afecta esto a mi gasolinera y negocio?<\/strong><\/h4>\n\n\n\n<ul class=\"wp-block-list\">\n<li>Se han realizado ciertos cambios en las leyes y ordenanzas del Marion County, los cuales afectar\u00e1n a su negocio. Por estos, se exigir\u00e1 la realizaci\u00f3n de ciertas pr\u00e1cticas (Best Management Practices), las cuales en el pasado, eran voluntarias.<\/li>\n\n\n\n<li>Manejando en forma cuidadosa las sustancias contaminantes que utilizada en su negocio, usted va a evitar contaminar el medioambiente que lo rodea y asi tambi\u00e9n una costosa limpieza del sitio luego.<\/li>\n\n\n\n<li>Ser un buen vecino en cuanto a la protecci\u00f3n de las wellfield (zonas protegidas), es beneficioso para su negocio, y ser\u00e1 apreciado por sus clientes.<\/li>\n<\/ul>\n\n\n\n<h4 class=\"wp-block-heading\">\u00bfQu\u00e9 es potencialmente contaminante?<\/h4>\n\n\n\n<p>En los negocios de reparaci\u00f3n o service de autos, las p\u00e9rdidas de aceite provenientes de los tanques donde los mismos se almacenan son el peligro m\u00e1s com\u00fan. Sin embargo no se deben perder de vista tampoco, los productos de limpieza, productos desengrasantes, pintura, bater\u00edas viejas y otro fluidos l\u00edquidos provenientes de los veh\u00edculos. Todos los productos qu\u00edmicos deben estar en contenedores secundarios y no en el piso!<\/p>\n\n\n\n<h4 class=\"wp-block-heading\">\u00bfQu\u00e9 puedo hacer para proteger el agua subterr\u00e1nea?<\/h4>\n\n\n\n<ul class=\"wp-block-list\">\n<li>Para cumplir con los nuevos requisitos federales y estatales usted debe poner sus viejos tanques de almacenamiento en estructura de contenci\u00f3n secundarias.<\/li>\n\n\n\n<li>No est\u00e1 permitido desechar fluidos l\u00edquidos de los veh\u00edculos, productos desengrasantes en las bachas, piletas o ca\u00f1er\u00edas, como tampoco en el suelo\/li><\/li>\n\n\n\n<li>Cuando sea posible, vuelva a usar los qu\u00edmicos desengrasantes. Use el desengrasante sucio para una primera limpieza y luego uno nuevo para la limpieza final.<\/li>\n\n\n\n<li>Use containment pans underneath displays or stacks of fluid containers to retain spills from broken containers.<\/li>\n\n\n\n<li>Limpie con materiales granulados absorbentes (piedritas para gatos) los derrames peque\u00f1os (0.5 a 5 galones) y des\u00e9chelos en forma correcta.Usted debe utilizar un servicio especializado en la recolecci\u00f3n de las sustancias peligrosas, o tambi\u00e9n puede llevar los mismo a los Tox-Drop que la ciudad de Indian\u00e1polis tiene establecido para los peque\u00f1os productores de desechos t\u00f3xicos. (A su vez debe poner se\u00f1ales en las bachas o piletas de forma tal de prevenir a los empleados).<\/li>\n\n\n\n<li>Almacene todos los productos qu\u00edmicos en cajas pl\u00e1sticas o bandejas, de forma de evitar cualquier derramamiento de los mismos en el suelo.<\/li>\n\n\n\n<li>Debe entrenar a sus empleados para que los mismos sean capaces de prevenir todo tipo de contaminaci\u00f3n como tambi\u00e9n entrenarlos en la correcta forma de actuar luego de que un derrame haya tenido lugar<\/li>\n<\/ul>\n\n\n\n<h4 class=\"wp-block-heading\">Educaci\u00f3n y entrenamiento<\/h4>\n\n\n\n<p>Existen diversas formas en las que usted puede informarse de c\u00f3mo cumplir con las ordenanzas (ya sea internet o ayuda personalizada). Aqu\u00ed le dejamos lo que usted puede hacer:<\/p>\n\n\n\n<ul class=\"wp-block-list\">\n<li>Leer gu\u00eda para taller de mantenimiento de veh\u00edculos (<a href=\"https:\/\/mcwec.org\/media\/Maintenance_Shop_Guidance_Spanish_September_2012-short.pdf\">corta<\/a> o <a href=\"https:\/\/mcwec.org\/media\/Maintenance_Shop_Guidance_Spanish_September_2012.pdf\">larga<\/a>)<\/li>\n\n\n\n<li>Revise lo que dispone <a href=\"http:\/\/www.in.gov\/idem\/ctap\/2354.htm\">The Indiana Department of Environmental Management<\/a> especialmente en materia de gasolineras y sus negocios.<\/li>\n\n\n\n<li>Visite nuestra <a href=\"https:\/\/mcwec.org\/es\/resources\/\">pagina de educaci\u00f3n<\/a> donde puede encontrar videos, paginas web y demas ayuda para su negocio.<\/li>\n\n\n\n<li><a href=\"https:\/\/mcwec.org\/es\/asesoramiento\/\">Contactenos<\/a> para que podamos ayudarlos y darle recomendaciones sobre su plan anti derramamientos.<\/li>\n<\/ul>\n","protected":false},"excerpt":{"rendered":"<p>\u00bfPorqu\u00e9 tenemos que tomar conciencia y cuidar las zonas protegidas (wellfields)? Por muchos a\u00f1os se crey\u00f3 que el agua subterr\u00e1nea estaba protegida de la contaminaci\u00f3n exterior. Ahora sabemos que los distintas sustancias contaminantes pueden filtrarse hacia las capas subterr\u00e1neas, afectando asi nuestro suministro de agua potable. Debido al crecimiento de Indiana, la \u00fanica forma de [&hellip;]<\/p>\n<p class=\"more-link-wrap\"><a class=\"more-link\" href=\"https:\/\/mcwec.org\/es\/businesses\/industry-specific-recommendations\/auto-repair-service\/\">Read More<\/a><\/p>","protected":false},"author":4,"featured_media":0,"parent":892,"menu_order":0,"comment_status":"closed","ping_status":"closed","template":"","meta":{"_monsterinsights_skip_tracking":false,"_monsterinsights_sitenote_active":false,"_monsterinsights_sitenote_note":"","_monsterinsights_sitenote_category":0,"_genesis_hide_title":false,"_genesis_hide_breadcrumbs":false,"_genesis_hide_singular_image":false,"_genesis_hide_footer_widgets":false,"_genesis_custom_body_class":"","_genesis_custom_post_class":"","_genesis_layout":"","footnotes":""},"class_list":{"0":"post-662","1":"page","2":"type-page","3":"status-publish","5":"entry"},"_links":{"self":[{"href":"https:\/\/mcwec.org\/es\/wp-json\/wp\/v2\/pages\/662","targetHints":{"allow":["GET"]}}],"collection":[{"href":"https:\/\/mcwec.org\/es\/wp-json\/wp\/v2\/pages"}],"about":[{"href":"https:\/\/mcwec.org\/es\/wp-json\/wp\/v2\/types\/page"}],"author":[{"embeddable":true,"href":"https:\/\/mcwec.org\/es\/wp-json\/wp\/v2\/users\/4"}],"replies":[{"embeddable":true,"href":"https:\/\/mcwec.org\/es\/wp-json\/wp\/v2\/comments?post=662"}],"version-history":[{"count":4,"href":"https:\/\/mcwec.org\/es\/wp-json\/wp\/v2\/pages\/662\/revisions"}],"predecessor-version":[{"id":5664,"href":"https:\/\/mcwec.org\/es\/wp-json\/wp\/v2\/pages\/662\/revisions\/5664"}],"up":[{"embeddable":true,"href":"https:\/\/mcwec.org\/es\/wp-json\/wp\/v2\/pages\/892"}],"wp:attachment":[{"href":"https:\/\/mcwec.org\/es\/wp-json\/wp\/v2\/media?parent=662"}],"curies":[{"name":"wp","href":"https:\/\/api.w.org\/{rel}","templated":true}]}}