{"id":654,"date":"2013-08-27T14:57:59","date_gmt":"2013-08-27T14:57:59","guid":{"rendered":"https:\/\/mcwec.org\/assessments\/?lang=es"},"modified":"2021-02-05T12:22:41","modified_gmt":"2021-02-05T17:22:41","slug":"asesoramiento","status":"publish","type":"page","link":"https:\/\/mcwec.org\/es\/asesoramiento\/","title":{"rendered":"Asesoramiento"},"content":{"rendered":"\n<p>Para realizar una reserva del primer asesoramiento, complete el formulario que se encuentra debajo o llame al<strong> 317-630-9060.<\/strong><\/p>\n\n\n\n<h4 class=\"wp-block-heading\">Empecemos&#8230;<\/h4>\n\n\n<div class=\"frm_forms  with_frm_style frm_style_formidable-style\" id=\"frm_form_3_container\" >\n<form enctype=\"multipart\/form-data\" method=\"post\" class=\"frm-show-form  frm_pro_form \" id=\"form_contact-form6ef871e4dc\" >\n<div class=\"frm_form_fields \">\n<fieldset>\n<legend class=\"frm_screen_reader\">Schedule Wellfield Review &#8211; Spanish<\/legend>\r\n\r\n<div class=\"frm_fields_container\">\n<input type=\"hidden\" name=\"frm_action\" value=\"create\" \/>\n<input type=\"hidden\" name=\"form_id\" value=\"3\" \/>\n<input type=\"hidden\" name=\"frm_hide_fields_3\" id=\"frm_hide_fields_3\" value=\"\" \/>\n<input type=\"hidden\" name=\"form_key\" value=\"contact-form6ef871e4dc\" \/>\n<input type=\"hidden\" name=\"item_meta[0]\" value=\"\" \/>\n<input type=\"hidden\" id=\"frm_submit_entry_3\" name=\"frm_submit_entry_3\" value=\"b3ddac3fbc\" \/><input type=\"hidden\" name=\"_wp_http_referer\" value=\"\/es\/wp-json\/wp\/v2\/pages\/654\" \/><div id=\"frm_field_16_container\" class=\"frm_form_field form-field  frm_required_field frm_top_container frm_first frm_half\">\r\n    <label for=\"field_qh4icy81b03a5950\" id=\"field_qh4icy81b03a5950_label\" class=\"frm_primary_label\">Nombre\r\n        <span class=\"frm_required\">*<\/span>\r\n    <\/label>\r\n    <input  type=\"text\" id=\"field_qh4icy81b03a5950\" name=\"item_meta[16]\" value=\"\"  data-reqmsg=\"Nombre cannot be blank.\" aria-required=\"true\" data-invmsg=\"Name is invalid\" aria-invalid=\"false\"   aria-describedby=\"frm_desc_field_qh4icy81b03a5950\" \/>\r\n    <div class=\"frm_description\" id=\"frm_desc_field_qh4icy81b03a5950\">Primer Nombre<\/div>\r\n    \r\n<\/div>\n<div id=\"frm_field_17_container\" class=\"frm_form_field form-field  frm_hidden_container frm_half\">\r\n    <label for=\"field_ocfup134e8cff271\" id=\"field_ocfup134e8cff271_label\" class=\"frm_primary_label\">Last\r\n        <span class=\"frm_required\"><\/span>\r\n    <\/label>\r\n    <input  type=\"text\" id=\"field_ocfup134e8cff271\" name=\"item_meta[17]\" value=\"\"  data-invmsg=\"Last is invalid\" aria-invalid=\"false\"   aria-describedby=\"frm_desc_field_ocfup134e8cff271\" \/>\r\n    <div class=\"frm_description\" id=\"frm_desc_field_ocfup134e8cff271\">Apellido<\/div>\r\n    \r\n<\/div>\n<div id=\"frm_field_18_container\" class=\"frm_form_field frm_section_heading form-field \">\r\n<h3 class=\"frm_pos_top frm_section_spacing\"><\/h3>\r\n\r\n\r\n<div id=\"frm_field_19_container\" class=\"frm_form_field form-field  frm_required_field frm_top_container frm_full\">\r\n    <label for=\"field_29yf4daec17c305f\" id=\"field_29yf4daec17c305f_label\" class=\"frm_primary_label\">Email\r\n        <span class=\"frm_required\">*<\/span>\r\n    <\/label>\r\n    <input type=\"email\" id=\"field_29yf4daec17c305f\" name=\"item_meta[19]\" value=\"\"  data-sectionid=\"18\"  data-reqmsg=\"Email cannot be blank.\" aria-required=\"true\" data-invmsg=\"Please enter a valid email address\" aria-invalid=\"false\"  \/>\r\n    \r\n    \r\n<\/div>\n<div id=\"frm_field_20_container\" class=\"frm_form_field form-field  frm_top_container\">\r\n    <label for=\"field_g0mvc17bb2ff389\" id=\"field_g0mvc17bb2ff389_label\" class=\"frm_primary_label\">Tel\u00e9fono\r\n        <span class=\"frm_required\"><\/span>\r\n    <\/label>\r\n    <input type=\"tel\" id=\"field_g0mvc17bb2ff389\" name=\"item_meta[20]\" value=\"\"  data-sectionid=\"18\"  data-invmsg=\"Phone is invalid\" aria-invalid=\"false\" pattern=\"((\\+\\d{1,3}(-|.| )?\\(?\\d\\)?(-| |.)?\\d{1,5})|(\\(?\\d{2,6}\\)?))(-|.| )?(\\d{3,4})(-|.| )?(\\d{4})(( x| ext)\\d{1,5}){0,1}$\"  \/>\r\n    \r\n    \r\n<\/div>\n<div id=\"frm_field_21_container\" class=\"frm_form_field form-field  frm_top_container\">\r\n    <label for=\"field_c8mnydaea1b7642\" id=\"field_c8mnydaea1b7642_label\" class=\"frm_primary_label\">Nombre de la empresa\r\n        <span class=\"frm_required\"><\/span>\r\n    <\/label>\r\n    <input  type=\"text\" id=\"field_c8mnydaea1b7642\" name=\"item_meta[21]\" value=\"\"  data-sectionid=\"18\"  data-invmsg=\"Text is invalid\" aria-invalid=\"false\"   \/>\r\n    \r\n    \r\n<\/div>\n<div id=\"frm_field_22_container\" class=\"frm_form_field form-field  frm_required_field frm_top_container vertical_radio frm_other_container\">\r\n    <div  id=\"field_wyyaec1faa590b8_label\" class=\"frm_primary_label\">Categor\u00eda de la empresa\r\n        <span class=\"frm_required\">*<\/span>\r\n    <\/div>\r\n    <div class=\"frm_opt_container\" aria-labelledby=\"field_wyyaec1faa590b8_label\" role=\"radiogroup\" aria-required=\"true\">\t\t<div class=\"frm_radio\" id=\"frm_radio_22-18-0\">\t\t\t<label  for=\"field_wyyaec1faa590b8-0\">\n\t\t\t\t\t<input type=\"radio\" name=\"item_meta[22]\" id=\"field_wyyaec1faa590b8-0\" value=\"Reparacion y service de auto\"\n\t\t data-sectionid=\"18\"  data-reqmsg=\"Categor\u00eda de la empresa cannot be blank.\" data-invmsg=\"Categor\u00eda de la empresa no es v\u00e1lido\"   \/> Reparacion y service de auto<\/label><\/div>\n\t\t<div class=\"frm_radio\" id=\"frm_radio_22-18-1\">\t\t\t<label  for=\"field_wyyaec1faa590b8-1\">\n\t\t\t\t\t<input type=\"radio\" name=\"item_meta[22]\" id=\"field_wyyaec1faa590b8-1\" value=\"Lavado en seco\"\n\t\t data-sectionid=\"18\"  data-reqmsg=\"Categor\u00eda de la empresa cannot be blank.\" data-invmsg=\"Categor\u00eda de la empresa no es v\u00e1lido\"   \/> Lavado en seco<\/label><\/div>\n\t\t<div class=\"frm_radio\" id=\"frm_radio_22-18-2\">\t\t\t<label  for=\"field_wyyaec1faa590b8-2\">\n\t\t\t\t\t<input type=\"radio\" name=\"item_meta[22]\" id=\"field_wyyaec1faa590b8-2\" value=\"Centro de impresi\u00f3n\"\n\t\t data-sectionid=\"18\"  data-reqmsg=\"Categor\u00eda de la empresa cannot be blank.\" data-invmsg=\"Categor\u00eda de la empresa no es v\u00e1lido\"   \/> Centro de impresi\u00f3n<\/label><\/div>\n\t\t<div class=\"frm_radio\" id=\"frm_radio_22-18-3\">\t\t\t<label  for=\"field_wyyaec1faa590b8-3\">\n\t\t\t\t\t<input type=\"radio\" name=\"item_meta[22]\" id=\"field_wyyaec1faa590b8-3\" value=\"Gasolineras y sus negocios\"\n\t\t data-sectionid=\"18\"  data-reqmsg=\"Categor\u00eda de la empresa cannot be blank.\" data-invmsg=\"Categor\u00eda de la empresa no es v\u00e1lido\"   \/> Gasolineras y sus negocios<\/label><\/div>\n\t\t<div class=\"frm_radio\" id=\"frm_radio_22-18-4\">\t\t\t<label  for=\"field_wyyaec1faa590b8-4\">\n\t\t\t\t\t<input type=\"radio\" name=\"item_meta[22]\" id=\"field_wyyaec1faa590b8-4\" value=\"Manufactura, distribuci\u00f3n, transporte y almacenamiento de productos qu\u00edmicos\"\n\t\t data-sectionid=\"18\"  data-reqmsg=\"Categor\u00eda de la empresa cannot be blank.\" data-invmsg=\"Categor\u00eda de la empresa no es v\u00e1lido\"   \/> Manufactura, distribuci\u00f3n, transporte y almacenamiento de productos qu\u00edmicos<\/label><\/div>\n\t\t<div class=\"frm_radio\" id=\"frm_radio_22-18-5\">\t\t\t<label  for=\"field_wyyaec1faa590b8-5\">\n\t\t\t\t\t<input type=\"radio\" name=\"item_meta[22]\" id=\"field_wyyaec1faa590b8-5\" value=\"Distribuidor de productos m\u00e9dicos, hospitales, y dentistas\"\n\t\t data-sectionid=\"18\"  data-reqmsg=\"Categor\u00eda de la empresa cannot be blank.\" data-invmsg=\"Categor\u00eda de la empresa no es v\u00e1lido\"   \/> Distribuidor de productos m\u00e9dicos, hospitales, y dentistas<\/label><\/div>\n\t\t<div class=\"frm_radio\" id=\"frm_radio_22-18-6\">\t\t\t<label  for=\"field_wyyaec1faa590b8-6\">\n\t\t\t\t\t<input type=\"radio\" name=\"item_meta[22]\" id=\"field_wyyaec1faa590b8-6\" value=\"Fabricaci\u00f3n de metal\"\n\t\t data-sectionid=\"18\"  data-reqmsg=\"Categor\u00eda de la empresa cannot be blank.\" data-invmsg=\"Categor\u00eda de la empresa no es v\u00e1lido\"   \/> Fabricaci\u00f3n de metal<\/label><\/div>\n\t\t<div class=\"frm_radio\" id=\"frm_radio_22-18-8\">\t\t\t<label  for=\"field_wyyaec1faa590b8-8\">\n\t\t\t\t\t<input type=\"radio\" name=\"item_meta[22]\" id=\"field_wyyaec1faa590b8-8\" value=\"Escuelas, hogares de ancianos, otros usos institucionales\"\n\t\t data-sectionid=\"18\"  data-reqmsg=\"Categor\u00eda de la empresa cannot be blank.\" data-invmsg=\"Categor\u00eda de la empresa no es v\u00e1lido\"   \/> Escuelas, hogares de ancianos, otros usos institucionales<\/label><\/div>\n\t\t<div class=\"frm_radio\" id=\"frm_radio_22-18-other_7\">\t\t\t<label  for=\"field_wyyaec1faa590b8-other_7\">\n\t\t\t\t\t<input type=\"radio\" name=\"item_meta[22]\" id=\"field_wyyaec1faa590b8-other_7\" value=\"Other\"\n\t\t data-sectionid=\"18\"  data-reqmsg=\"Categor\u00eda de la empresa cannot be blank.\" data-invmsg=\"Categor\u00eda de la empresa no es v\u00e1lido\"   \/> Other<\/label><label for=\"field_wyyaec1faa590b8-other_7-otext\" class=\"frm_screen_reader frm_hidden\">Other<\/label><input type=\"text\" id=\"field_wyyaec1faa590b8-other_7-otext\" class=\"frm_other_input frm_pos_none\"  name=\"item_meta[other][22]\" value=\"\" \/><\/div>\n<\/div>\r\n    \r\n    \r\n<\/div>\n<div id=\"frm_field_23_container\" class=\"frm_form_field form-field  frm_required_field frm_top_container vertical_radio frm_other_container\">\r\n    <div  id=\"field_3n25nc8c06c9f4d_label\" class=\"frm_primary_label\">Mi consulta es sobre\r\n        <span class=\"frm_required\">*<\/span>\r\n    <\/div>\r\n    <div class=\"frm_opt_container\" aria-labelledby=\"field_3n25nc8c06c9f4d_label\" role=\"radiogroup\" aria-required=\"true\">\t\t<div class=\"frm_radio\" id=\"frm_radio_23-18-0\">\t\t\t<label  for=\"field_3n25nc8c06c9f4d-0\">\n\t\t\t\t\t<input type=\"radio\" name=\"item_meta[23]\" id=\"field_3n25nc8c06c9f4d-0\" value=\"Primer asesoramiento\"\n\t\t data-sectionid=\"18\"  data-reqmsg=\"Mi consulta es sobre cannot be blank.\" data-invmsg=\"Mi consulta es sobre no es v\u00e1lido\"   \/> Primer asesoramiento<\/label><\/div>\n\t\t<div class=\"frm_radio\" id=\"frm_radio_23-18-1\">\t\t\t<label  for=\"field_3n25nc8c06c9f4d-1\">\n\t\t\t\t\t<input type=\"radio\" name=\"item_meta[23]\" id=\"field_3n25nc8c06c9f4d-1\" value=\"Segunda visita\"\n\t\t data-sectionid=\"18\"  data-reqmsg=\"Mi consulta es sobre cannot be blank.\" data-invmsg=\"Mi consulta es sobre no es v\u00e1lido\"   \/> Segunda visita<\/label><\/div>\n\t\t<div class=\"frm_radio\" id=\"frm_radio_23-18-2\">\t\t\t<label  for=\"field_3n25nc8c06c9f4d-2\">\n\t\t\t\t\t<input type=\"radio\" name=\"item_meta[23]\" id=\"field_3n25nc8c06c9f4d-2\" value=\"Tengo algunas preguntas mas\"\n\t\t data-sectionid=\"18\"  data-reqmsg=\"Mi consulta es sobre cannot be blank.\" data-invmsg=\"Mi consulta es sobre no es v\u00e1lido\"   \/> Tengo algunas preguntas mas<\/label><\/div>\n\t\t<div class=\"frm_radio\" id=\"frm_radio_23-18-other_3\">\t\t\t<label  for=\"field_3n25nc8c06c9f4d-other_3\">\n\t\t\t\t\t<input type=\"radio\" name=\"item_meta[23]\" id=\"field_3n25nc8c06c9f4d-other_3\" value=\"Other\"\n\t\t data-sectionid=\"18\"  data-reqmsg=\"Mi consulta es sobre cannot be blank.\" data-invmsg=\"Mi consulta es sobre no es v\u00e1lido\"   \/> Other<\/label><label for=\"field_3n25nc8c06c9f4d-other_3-otext\" class=\"frm_screen_reader frm_hidden\">Other<\/label><input type=\"text\" id=\"field_3n25nc8c06c9f4d-other_3-otext\" class=\"frm_other_input frm_pos_none\"  name=\"item_meta[other][23]\" value=\"\" \/><\/div>\n<\/div>\r\n    \r\n    \r\n<\/div>\n<div id=\"frm_field_24_container\" class=\"frm_form_field form-field  frm_top_container\">\r\n    <div  id=\"field_jz1n53c6cf650c9_label\" class=\"frm_primary_label\">Lugar de empresa\r\n        <span class=\"frm_required\"><\/span>\r\n    <\/div>\r\n    <fieldset aria-labelledby=\"field_jz1n53c6cf650c9_label\">\n<legend class=\"frm_screen_reader frm_hidden\">\n\tLugar de empresa<\/legend>\n<div class=\"frm_combo_inputs_container\">\n<div id=\"frm_field_24-line1_container\" class=\"frm_form_field form-field \">\n\t<label for=\"field_jz1n53c6cf650c9_line1\" class=\"frm_screen_reader frm_hidden\">\n\t\tLugar de empresa\t<\/label>\n\t\t<input type=\"text\" id=\"field_jz1n53c6cf650c9_line1\" value=\"\" name=\"item_meta[24][line1]\"  data-sectionid=\"18\"  data-invmsg=\"Lugar de empresa no es v\u00e1lido\" aria-invalid=\"false\"   autocomplete=\"address-line1\" \/>\n\t<\/div>\n<div id=\"frm_field_24-line2_container\" class=\"frm_form_field form-field \">\n\t<label for=\"field_jz1n53c6cf650c9_line2\" class=\"frm_screen_reader frm_hidden\">\n\t\tLugar de empresa\t<\/label>\n\t\t<input type=\"text\" id=\"field_jz1n53c6cf650c9_line2\" value=\"\" name=\"item_meta[24][line2]\"  data-sectionid=\"18\"  data-invmsg=\"Lugar de empresa no es v\u00e1lido\" class=\"frm_optional\" aria-invalid=\"false\"   autocomplete=\"address-line2\" \/>\n\t<\/div>\n<div id=\"frm_field_24-city_container\" class=\"frm_form_field form-field frm_third frm_first\">\n\t<label for=\"field_jz1n53c6cf650c9_city\" class=\"frm_screen_reader frm_hidden\">\n\t\tCiudad\t<\/label>\n\t\t<input type=\"text\" id=\"field_jz1n53c6cf650c9_city\" value=\"\" name=\"item_meta[24][city]\"  data-sectionid=\"18\"  data-invmsg=\"Lugar de empresa no es v\u00e1lido\" aria-invalid=\"false\"   autocomplete=\"address-level2\" \/>\n\t<div class=\"frm_description\">Ciudad<\/div><\/div>\n<div id=\"frm_field_24-state_container\" class=\"frm_form_field form-field frm_third\">\n\t<label for=\"field_jz1n53c6cf650c9_state\" class=\"frm_screen_reader frm_hidden\">\n\t\tEstado \/ Provincia\t<\/label>\n\t\t\t<select name=\"item_meta[24][state]\" id=\"field_jz1n53c6cf650c9_state\"  data-sectionid=\"18\"  data-invmsg=\"Lugar de empresa no es v\u00e1lido\" aria-invalid=\"false\"   autocomplete=\"address-level1\">\n\t\t\t<option value=\"\" class=\"\">\n\t\t\t\t \t\t\t<\/option>\n\t\t\t<option  value=\"Alabama\">Alabama<\/option><option  value=\"Alaska\">Alaska<\/option><option  value=\"Arkansas\">Arkansas<\/option><option  value=\"Arizona\">Arizona<\/option><option  value=\"California\">California<\/option><option  value=\"Colorado\">Colorado<\/option><option  value=\"Connecticut\">Connecticut<\/option><option  value=\"Delaware\">Delaware<\/option><option  value=\"District of Columbia\">District of Columbia<\/option><option  value=\"Florida\">Florida<\/option><option  value=\"Georgia\">Georgia<\/option><option  value=\"Hawaii\">Hawaii<\/option><option  value=\"Idaho\">Idaho<\/option><option  value=\"Illinois\">Illinois<\/option><option  value=\"Indiana\">Indiana<\/option><option  value=\"Iowa\">Iowa<\/option><option  value=\"Kansas\">Kansas<\/option><option  value=\"Kentucky\">Kentucky<\/option><option  value=\"Louisiana\">Louisiana<\/option><option  value=\"Maine\">Maine<\/option><option  value=\"Maryland\">Maryland<\/option><option  value=\"Massachusetts\">Massachusetts<\/option><option  value=\"Michigan\">Michigan<\/option><option  value=\"Minnesota\">Minnesota<\/option><option  value=\"Mississippi\">Mississippi<\/option><option  value=\"Missouri\">Missouri<\/option><option  value=\"Montana\">Montana<\/option><option  value=\"Nebraska\">Nebraska<\/option><option  value=\"Nevada\">Nevada<\/option><option  value=\"New Hampshire\">New Hampshire<\/option><option  value=\"New Jersey\">New Jersey<\/option><option  value=\"New Mexico\">New Mexico<\/option><option  value=\"New York\">New York<\/option><option  value=\"North Carolina\">North Carolina<\/option><option  value=\"North Dakota\">North Dakota<\/option><option  value=\"Ohio\">Ohio<\/option><option  value=\"Oklahoma\">Oklahoma<\/option><option  value=\"Oregon\">Oregon<\/option><option  value=\"Pennsylvania\">Pennsylvania<\/option><option  value=\"Rhode Island\">Rhode Island<\/option><option  value=\"South Carolina\">South Carolina<\/option><option  value=\"South Dakota\">South Dakota<\/option><option  value=\"Tennessee\">Tennessee<\/option><option  value=\"Texas\">Texas<\/option><option  value=\"Utah\">Utah<\/option><option  value=\"Vermont\">Vermont<\/option><option  value=\"Virginia\">Virginia<\/option><option  value=\"Washington\">Washington<\/option><option  value=\"West Virginia\">West Virginia<\/option><option  value=\"Wisconsin\">Wisconsin<\/option><option  value=\"Wyoming\">Wyoming<\/option>\t\t<\/select>\n\t<div class=\"frm_description\">Estado \/ Provincia<\/div><\/div>\n<div id=\"frm_field_24-zip_container\" class=\"frm_form_field form-field frm_third\">\n\t<label for=\"field_jz1n53c6cf650c9_zip\" class=\"frm_screen_reader frm_hidden\">\n\t\tCodigo Postal\t<\/label>\n\t\t<input type=\"text\" id=\"field_jz1n53c6cf650c9_zip\" value=\"\" name=\"item_meta[24][zip]\"  data-sectionid=\"18\"  data-invmsg=\"Lugar de empresa no es v\u00e1lido\" aria-invalid=\"false\"   autocomplete=\"postal-code\" \/>\n\t<div class=\"frm_description\">Codigo Postal<\/div><\/div>\n<\/div>\n<\/fieldset>\n\r\n    \r\n    \r\n<\/div>\n<div id=\"frm_field_25_container\" class=\"frm_form_field form-field  frm_top_container frm_full\">\r\n    <label for=\"field_9jv0r16437c0d530\" id=\"field_9jv0r16437c0d530_label\" class=\"frm_primary_label\">Otro preguntas\r\n        <span class=\"frm_required\"><\/span>\r\n    <\/label>\r\n    <textarea name=\"item_meta[25]\" id=\"field_9jv0r16437c0d530\" rows=\"5\"  data-sectionid=\"18\"  data-invmsg=\"Otro preguntas is invalid\" aria-invalid=\"false\"  ><\/textarea>\r\n    \r\n    \r\n<\/div>\n<div id=\"frm_field_26_container\" class=\"frm_form_field form-field  frm_required_field frm_top_container vertical_radio frm_other_container\">\r\n    <div  id=\"field_6bdqh0b8fafac76_label\" class=\"frm_primary_label\">\u00bfC\u00f3mo escucho sobre nosotros?\r\n        <span class=\"frm_required\">*<\/span>\r\n    <\/div>\r\n    <div class=\"frm_opt_container\" aria-labelledby=\"field_6bdqh0b8fafac76_label\" role=\"radiogroup\" aria-required=\"true\">\t\t<div class=\"frm_radio\" id=\"frm_radio_26-18-0\">\t\t\t<label  for=\"field_6bdqh0b8fafac76-0\">\n\t\t\t\t\t<input type=\"radio\" name=\"item_meta[26]\" id=\"field_6bdqh0b8fafac76-0\" value=\"Busqueda en internet\"\n\t\t data-sectionid=\"18\"  data-reqmsg=\"\u00bfC\u00f3mo escucho sobre nosotros? cannot be blank.\" data-invmsg=\"\u00bfC\u00f3mo escucho sobre nosotros? no es v\u00e1lido\"   \/> Busqueda en internet<\/label><\/div>\n\t\t<div class=\"frm_radio\" id=\"frm_radio_26-18-1\">\t\t\t<label  for=\"field_6bdqh0b8fafac76-1\">\n\t\t\t\t\t<input type=\"radio\" name=\"item_meta[26]\" id=\"field_6bdqh0b8fafac76-1\" value=\"Representantes de MCWEC\"\n\t\t data-sectionid=\"18\"  data-reqmsg=\"\u00bfC\u00f3mo escucho sobre nosotros? cannot be blank.\" data-invmsg=\"\u00bfC\u00f3mo escucho sobre nosotros? no es v\u00e1lido\"   \/> Representantes de MCWEC<\/label><\/div>\n\t\t<div class=\"frm_radio\" id=\"frm_radio_26-18-2\">\t\t\t<label  for=\"field_6bdqh0b8fafac76-2\">\n\t\t\t\t\t<input type=\"radio\" name=\"item_meta[26]\" id=\"field_6bdqh0b8fafac76-2\" value=\"Procesos ILP\/TQP\"\n\t\t data-sectionid=\"18\"  data-reqmsg=\"\u00bfC\u00f3mo escucho sobre nosotros? cannot be blank.\" data-invmsg=\"\u00bfC\u00f3mo escucho sobre nosotros? no es v\u00e1lido\"   \/> Procesos ILP\/TQP<\/label><\/div>\n\t\t<div class=\"frm_radio\" id=\"frm_radio_26-18-other_3\">\t\t\t<label  for=\"field_6bdqh0b8fafac76-other_3\">\n\t\t\t\t\t<input type=\"radio\" name=\"item_meta[26]\" id=\"field_6bdqh0b8fafac76-other_3\" value=\"Other\"\n\t\t data-sectionid=\"18\"  data-reqmsg=\"\u00bfC\u00f3mo escucho sobre nosotros? cannot be blank.\" data-invmsg=\"\u00bfC\u00f3mo escucho sobre nosotros? no es v\u00e1lido\"   \/> Other<\/label><label for=\"field_6bdqh0b8fafac76-other_3-otext\" class=\"frm_screen_reader frm_hidden\">Other<\/label><input type=\"text\" id=\"field_6bdqh0b8fafac76-other_3-otext\" class=\"frm_other_input frm_pos_none\"  name=\"item_meta[other][26]\" value=\"\" \/><\/div>\n<\/div>\r\n    \r\n    \r\n<\/div>\n<\/div>\n<div id=\"frm_field_62_container\" class=\"frm_form_field form-field  frm_none_container\">\n\t<label for=\"g-recaptcha-response\" id=\"field_rjfuh_label\" class=\"frm_primary_label\">\n\t\t<span class=\"frm_required\" aria-hidden=\"true\"><\/span>\n\t<\/label>\n\t<div  id=\"field_rjfuh\" class=\"frm-g-recaptcha\" data-sitekey=\"6LfhzywUAAAAAOcByI4Q7wcN_8nelXxfVK0IgXQ2\" data-size=\"invisible\" data-theme=\"light\"><\/div>\n\t\n\t\n<\/div>\n<div id=\"frm_field_60_container\" class=\"frm_form_field form-field \">\n\t<div class=\"frm_submit\">\r\n\r\n<button class=\"frm_button_submit frm_final_submit\" type=\"submit\"   formnovalidate=\"formnovalidate\">Enviar<\/button>\r\n\r\n<\/div>\n<\/div>\n\t<input type=\"hidden\" name=\"item_key\" value=\"\" \/>\n\t\t\t<div id=\"frm_field_63_container\">\n\t\t\t<label for=\"field_cibnq\" >\n\t\t\t\tSi eres humano, deja este campo en blanco.\t\t\t<\/label>\n\t\t\t<input  id=\"field_cibnq\" type=\"text\" class=\"frm_form_field form-field frm_verify\" name=\"item_meta[63]\" value=\"\"  \/>\n\t\t<\/div>\n\t\t<input name=\"frm_state\" type=\"hidden\" value=\"J1jGUUJlNJAPw9nk3BsOR0eBWxgxNO+cm4mZ1FES9+j+PqXkzSw4ghDFbVlicGbw\" \/><\/div>\n<\/fieldset>\n<\/div>\n\n<\/form>\n<\/div>\n\n\n\n<h2 class=\"wp-block-heading\">Primer asesoramiento<\/h2>\n\n\n\n<p>El Marion County Wellfield Education Corporation esta asociado con un consultora ambiental llamada Mundell &amp; Associates, Inc. la cual provee asesoramiento gratuito y confidencial a los negocios que se encuentran ubicados en las zonas protegidas.<\/p>\n\n\n\n<p>Una de las formas posibles de ayudar es asistiendo a tu local y estudiando tu situaci\u00f3n. Esto te ayudar\u00e1 a identificar las formas de prevenir cualquier peligro de contaminaci\u00f3n del agua subterr\u00e1nea, los cuales en un futuro pueden significar grandes costos, ya sea por la aplicaci\u00f3n de multas o por tener que realizar una limpieza del lugar (suelo y agua). De esta forma tu propiedad mantendr\u00e1 su valor. Adem\u00e1s, al participar de esta evaluaci\u00f3n, puede recibir gratis, contenedores anti derrames.<\/p>\n\n\n\n<h2 class=\"wp-block-heading\">Segunda visita<\/h2>\n\n\n\n<p>\u00a1El Marion County Wellfield Education Corporation quisiera evaluar qu\u00e9 tan exitoso fue el asesoramiento brindado, por lo que te invitamos a que nos contactes nuevamente para una segunda visita a tu local!<\/p>\n\n\n\n<p>Esta segunda visita ser muy similar a la primera. Un representante de Mundell &amp; Associates, Inc evaluar\u00e1 qu\u00e9 tan exitosa fueron las medidas recomendadas y tomadas en la primer sesi\u00f3n.<\/p>\n\n\n\n<div class=\"wp-block-image\"><figure class=\"alignleft\"><a href=\"http:\/\/www.mundellassociates.com\"><img loading=\"lazy\" decoding=\"async\" width=\"300\" height=\"225\" src=\"https:\/\/mcwec.org\/media\/logo-480-300x225.jpg\" alt=\"logo-480\" class=\"wp-image-527\" srcset=\"https:\/\/mcwec.org\/media\/logo-480-300x225.jpg 300w, https:\/\/mcwec.org\/media\/logo-480.jpg 480w\" sizes=\"auto, (max-width: 300px) 100vw, 300px\" \/><\/a><\/figure><\/div>\n\n\n\n<p><em><a href=\"http:\/\/www.mundellassociates.com\">Mundell &amp; Associates, Inc.<\/a> es una firma privada, la cual no reporta las pruebas, situaciones o resultados recabados en la investigaci\u00f3n a las agencias reguladoras. Estas consultas son confidenciales y gratuitas, sus objetivos son los de ayudar a los negocios a cumplir las ordenanzas y asi mejorar la calidad del agua subterr\u00e1nea. <\/em><\/p>\n","protected":false},"excerpt":{"rendered":"<p>Para realizar una reserva del primer asesoramiento, complete el formulario que se encuentra debajo o llame al 317-630-9060. Empecemos&#8230; Primer asesoramiento El Marion County Wellfield Education Corporation esta asociado con un consultora ambiental llamada Mundell &amp; Associates, Inc. la cual provee asesoramiento gratuito y confidencial a los negocios que se encuentran ubicados en las zonas [&hellip;]<\/p>\n<p class=\"more-link-wrap\"><a class=\"more-link\" href=\"https:\/\/mcwec.org\/es\/asesoramiento\/\">Read More<\/a><\/p>","protected":false},"author":4,"featured_media":1445,"parent":0,"menu_order":0,"comment_status":"closed","ping_status":"closed","template":"","meta":{"_monsterinsights_skip_tracking":false,"_monsterinsights_sitenote_active":false,"_monsterinsights_sitenote_note":"","_monsterinsights_sitenote_category":0,"_genesis_hide_title":false,"_genesis_hide_breadcrumbs":false,"_genesis_hide_singular_image":false,"_genesis_hide_footer_widgets":false,"_genesis_custom_body_class":"","_genesis_custom_post_class":"","_genesis_layout":"","footnotes":""},"class_list":{"0":"post-654","1":"page","2":"type-page","3":"status-publish","4":"has-post-thumbnail","6":"entry"},"_links":{"self":[{"href":"https:\/\/mcwec.org\/es\/wp-json\/wp\/v2\/pages\/654","targetHints":{"allow":["GET"]}}],"collection":[{"href":"https:\/\/mcwec.org\/es\/wp-json\/wp\/v2\/pages"}],"about":[{"href":"https:\/\/mcwec.org\/es\/wp-json\/wp\/v2\/types\/page"}],"author":[{"embeddable":true,"href":"https:\/\/mcwec.org\/es\/wp-json\/wp\/v2\/users\/4"}],"replies":[{"embeddable":true,"href":"https:\/\/mcwec.org\/es\/wp-json\/wp\/v2\/comments?post=654"}],"version-history":[{"count":5,"href":"https:\/\/mcwec.org\/es\/wp-json\/wp\/v2\/pages\/654\/revisions"}],"predecessor-version":[{"id":2686,"href":"https:\/\/mcwec.org\/es\/wp-json\/wp\/v2\/pages\/654\/revisions\/2686"}],"wp:featuredmedia":[{"embeddable":true,"href":"https:\/\/mcwec.org\/es\/wp-json\/wp\/v2\/media\/1445"}],"wp:attachment":[{"href":"https:\/\/mcwec.org\/es\/wp-json\/wp\/v2\/media?parent=654"}],"curies":[{"name":"wp","href":"https:\/\/api.w.org\/{rel}","templated":true}]}}