{"id":5657,"date":"2013-07-31T13:47:43","date_gmt":"2013-07-31T13:47:43","guid":{"rendered":"https:\/\/mcwec.org\/businesses\/industry-specific-recommendations\/commercial-printing\/"},"modified":"2025-09-09T14:56:37","modified_gmt":"2025-09-09T18:56:37","slug":"commercial-printing","status":"publish","type":"page","link":"https:\/\/mcwec.org\/es\/businesses\/industry-specific-recommendations\/commercial-printing\/","title":{"rendered":"Impresi\u00f3n comercial"},"content":{"rendered":"\n<h4 class=\"wp-block-heading\">\u00bfPorqu\u00e9 tenemos que tomar conciencia y cuidar las zonas protegidas (wellfields)?<\/h4>\n\n\n\n<p>Por muchos a\u00f1os se crey\u00f3 que el agua subterr\u00e1nea estaba protegida de la contaminaci\u00f3n exterior. Ahora sabemos que los distintas sustancias contaminantes pueden filtrarse hacia las capas subterr\u00e1neas, afectando asi nuestro suministro de agua potable. Debido al crecimiento de Indiana, la \u00fanica forma de abastecer la demanda de agua es utilizando el agua subterr\u00e1nea.<\/p>\n\n\n\n<h4 class=\"wp-block-heading\">\u00bfC\u00f3mo me afecta en el negocio de la impresi\u00f3n comercial?<\/h4>\n\n\n\n<ul class=\"wp-block-list\">\n<li>Se han realizado ciertos cambios en las leyes y ordenanzas del Marion County, los cuales afectar\u00e1n a su negocio. Por estos, se exigir\u00e1 la realizaci\u00f3n de ciertas pr\u00e1cticas (Best Management Practices), las cuales en el pasado, eran voluntarias.<\/li>\n\n\n\n<li>Manejando en forma cuidadosa las sustancias contaminantes que utilizada en su negocio, usted va a evitar contaminar el medioambiente que lo rodea y asi tambi\u00e9n una costosa limpieza del sitio luego.<\/li>\n\n\n\n<li>Ser un buen vecino en cuanto a la protecci\u00f3n de las wellfield (zonas protegidas), es beneficioso para su negocio, y ser\u00e1 apreciado por sus clientes.<\/li>\n<\/ul>\n\n\n\n<h4 class=\"wp-block-heading\">\u00bfQu\u00e9 es potencialmente contaminante?<\/h4>\n\n\n\n<p>Los materiales para revelado fotogr\u00e1fico y fabricaci\u00f3n de planchas, las soluciones de fuente, los disolventes y soluciones de limpieza, y los aceites lubricantes pueden contener materiales peligrosos. Algunas tintas pueden contener disolventes inflamables y t\u00f3xicos, o metales pesados \u200b\u200bt\u00f3xicos.<\/p>\n\n\n\n<p>La industria de la impresi\u00f3n ha avanzado considerablemente en el uso de materiales menos peligrosos. El uso de materiales menos peligrosos o no peligrosos reducir\u00e1 el riesgo de contaminaci\u00f3n de las aguas subterr\u00e1neas y disminuir\u00e1 los costes de eliminaci\u00f3n de residuos peligrosos.<\/p>\n\n\n\n<h4 class=\"wp-block-heading\">\u00bfQu\u00e9 debo hacer seg\u00fan el nuevo c\u00f3digo de la ciudad?<\/h4>\n\n\n\n<p>Algunos puntos importantes del c\u00f3digo incluyen:<\/p>\n\n\n\n<ul class=\"wp-block-list\">\n<li>Proporcionar contenci\u00f3n secundaria para cualquier contenedor con m\u00e1s de 40 galones de l\u00edquidos o 240 lb de s\u00f3lidos solubles en agua, que pueda contener el 110 % de su volumen durante al menos 24 horas. <\/li>\n\n\n\n<li>Proporcionar contenci\u00f3n secundaria para cualquier \u00e1rea donde se encuentren varios contenedores con un contenido de hasta 40 galones de l\u00edquidos o 240 lb de s\u00f3lidos solubles en agua, que pueda contener el 110 % de su volumen durante al menos 24 horas.<\/li>\n\n\n\n<li>Aseg\u00farese de que las \u00e1reas de contenci\u00f3n ubicadas en el exterior est\u00e9n correctamente drenadas o protegidas de la intemperie.<\/li>\n\n\n\n<li>Elabore un plan de prevenci\u00f3n de derrames en caso de emergencia. <\/li>\n\n\n\n<li>Notifique por escrito a los proveedores de productos qu\u00edmicos y transportistas de residuos que se encuentra en una zona de protecci\u00f3n de pozos. <a href=\"https:\/\/mcwec.org\/media\/Notification-to-Chemical-Product-Waste-Suppliers-or-Transporters.pdf\">Descargue un formulario de notificaci\u00f3n imprimible (ingl\u00e9s)<\/a>.<\/li>\n\n\n\n<li><a href=\"https:\/\/drive.google.com\/file\/d\/1REUAkA_8OXILQ79bhpj1KqRU4ziImFMM\/view\">Coloque letreros en todas las entradas<\/a> para que los empleados, clientes y visitantes sepan que se encuentra en una zona de protecci\u00f3n de pozos. Coloque letreros con los n\u00fameros de emergencia correspondientes a su zona. <a href=\"https:\/\/drive.google.com\/file\/d\/1wDIZQ3l215KipFhF8OxsjCVapePOc7db\/view\">Coloque letreros en los lavabos<\/a> y dentro de las \u00e1reas de almacenamiento de productos qu\u00edmicos que recuerden a los empleados que no se pueden verter productos qu\u00edmicos por los desag\u00fces. <\/li>\n\n\n\n<li>Elabore un inventario de productos qu\u00edmicos que incluya todos los productos qu\u00edmicos en sus instalaciones. <a href=\"https:\/\/mcwec.org\/media\/Chemical-Inventory.pdf\">Utilice esta hoja<\/a> <a href=\"https:\/\/mcwec.org\/media\/Notification-to-Chemical-Product-Waste-Suppliers-or-Transporters.pdf\">(ingl\u00e9s)<\/a> para empezar.<\/li>\n\n\n\n<li>Tenga un kit para derrames. Consulte la informaci\u00f3n sobre qu\u00e9 debe contener.<\/li>\n\n\n\n<li>Capacite a los empleados en el uso del kit para derrames. <a href=\"https:\/\/drive.google.com\/file\/d\/1ofIS7i8bT_48EMkYogbNtfBMP3SzznVm\/view\">Registre sus registros de capacitaci\u00f3n en este formulario.<\/a><\/li>\n\n\n\n<li>Aseg\u00farese de que sus pisos est\u00e9n en buen estado para evitar derrames, fugas o goteos que puedan llegar al suelo.<\/li>\n\n\n\n<li>Aseg\u00farese de que todos sus contenedores de productos qu\u00edmicos est\u00e9n etiquetados.<\/li>\n<\/ul>\n\n\n\n<h4 class=\"wp-block-heading\">\u00bfQu\u00e9 m\u00e1s puedo hacer en mi lugar de trabajo para ayudar a proteger las aguas subterr\u00e1neas?<\/h4>\n\n\n\n<p>Hay varias medidas sencillas que puede tomar para ayudar a prevenir la contaminaci\u00f3n de las aguas subterr\u00e1neas:<\/p>\n\n\n\n<ul class=\"wp-block-list\">\n<li>Inspeccione todos los materiales entregados para asegurarse de que no haya materiales da\u00f1ados o inaceptables en su inventario. Si no puede utilizarlos, devu\u00e9lvalos a su proveedor y evite costos de eliminaci\u00f3n.<\/li>\n\n\n\n<li>Almacene los materiales adecuadamente para garantizar la vida \u00fatil recomendada y recuerde mantener el inventario en orden de llegada.<\/li>\n\n\n\n<li>Compre materias primas en cantidades que se ajusten a sus necesidades de producci\u00f3n.<\/li>\n\n\n\n<li>Busque oportunidades de reciclaje para residuos de papel, contenedores de tinta vac\u00edos, pel\u00edculas o papel deteriorados, o materiales caducados. El Departamento de Gesti\u00f3n Ambiental de Indiana (en ingl\u00e9s &#8211; IDEM) financia la Bolsa de Materiales de Indiana, que facilita el reciclaje y la reutilizaci\u00f3n de residuos industriales y comerciales. Esta publicaci\u00f3n enumera los materiales disponibles y solicitados, \u00a1y es gratuita! Para obtener m\u00e1s informaci\u00f3n, comun\u00edquese con IDEM al 800 968-8764.<\/li>\n\n\n\n<li>Hable con sus proveedores sobre la posibilidad de sustituir productos qu\u00edmicos y pel\u00edculas no peligrosos para reducir la cantidad de residuos peligrosos generados.<\/li>\n<\/ul>\n\n\n\n<h4 class=\"wp-block-heading\">Educaci\u00f3n y entrenamiento<\/h4>\n\n\n\n<p>Existen diversas formas en las que usted puede informarse de c\u00f3mo cumplir con las ordenanzas (ya sea internet o ayuda personalizada). Aqu\u00ed le dejamos lo que usted puede hacer:<\/p>\n\n\n\n<ul class=\"wp-block-list\">\n<li><a href=\"https:\/\/mcwec.org\/es\/asesoramiento\/\">Contactenos<\/a>&nbsp;para que podamos ayudarlos y darle recomendaciones sobre su plan anti derramamientos.<\/li>\n\n\n\n<li>Revise lo que dispone&nbsp;The Indiana Department of Environmental Management&nbsp;especialmente en <a href=\"https:\/\/www.in.gov\/idem\/ctap\/guidance-for-industry-sectors\/printers\/\">impresi\u00f3n comercial (en ingl\u00e9s).<\/a><\/li>\n\n\n\n<li>Visite nuestra&nbsp;<a href=\"https:\/\/mcwec.org\/es\/resources\/\">pagina de educaci\u00f3n<\/a>&nbsp;donde puede encontrar videos, paginas web y demas ayuda para su negocio.<\/li>\n<\/ul>\n","protected":false},"excerpt":{"rendered":"<p>\u00bfPorqu\u00e9 tenemos que tomar conciencia y cuidar las zonas protegidas (wellfields)? Por muchos a\u00f1os se crey\u00f3 que el agua subterr\u00e1nea estaba protegida de la contaminaci\u00f3n exterior. Ahora sabemos que los distintas sustancias contaminantes pueden filtrarse hacia las capas subterr\u00e1neas, afectando asi nuestro suministro de agua potable. Debido al crecimiento de Indiana, la \u00fanica forma de [&hellip;]<\/p>\n<p class=\"more-link-wrap\"><a class=\"more-link\" href=\"https:\/\/mcwec.org\/es\/businesses\/industry-specific-recommendations\/commercial-printing\/\">Read More<\/a><\/p>","protected":false},"author":4,"featured_media":0,"parent":892,"menu_order":0,"comment_status":"closed","ping_status":"closed","template":"","meta":{"_monsterinsights_skip_tracking":false,"_monsterinsights_sitenote_active":false,"_monsterinsights_sitenote_note":"","_monsterinsights_sitenote_category":0,"_genesis_hide_title":false,"_genesis_hide_breadcrumbs":false,"_genesis_hide_singular_image":false,"_genesis_hide_footer_widgets":false,"_genesis_custom_body_class":"","_genesis_custom_post_class":"","_genesis_layout":"","footnotes":""},"class_list":{"0":"post-5657","1":"page","2":"type-page","3":"status-publish","5":"entry"},"_links":{"self":[{"href":"https:\/\/mcwec.org\/es\/wp-json\/wp\/v2\/pages\/5657","targetHints":{"allow":["GET"]}}],"collection":[{"href":"https:\/\/mcwec.org\/es\/wp-json\/wp\/v2\/pages"}],"about":[{"href":"https:\/\/mcwec.org\/es\/wp-json\/wp\/v2\/types\/page"}],"author":[{"embeddable":true,"href":"https:\/\/mcwec.org\/es\/wp-json\/wp\/v2\/users\/4"}],"replies":[{"embeddable":true,"href":"https:\/\/mcwec.org\/es\/wp-json\/wp\/v2\/comments?post=5657"}],"version-history":[{"count":5,"href":"https:\/\/mcwec.org\/es\/wp-json\/wp\/v2\/pages\/5657\/revisions"}],"predecessor-version":[{"id":5683,"href":"https:\/\/mcwec.org\/es\/wp-json\/wp\/v2\/pages\/5657\/revisions\/5683"}],"up":[{"embeddable":true,"href":"https:\/\/mcwec.org\/es\/wp-json\/wp\/v2\/pages\/892"}],"wp:attachment":[{"href":"https:\/\/mcwec.org\/es\/wp-json\/wp\/v2\/media?parent=5657"}],"curies":[{"name":"wp","href":"https:\/\/api.w.org\/{rel}","templated":true}]}}