{"id":5201,"date":"2019-03-26T10:19:14","date_gmt":"2019-03-26T14:19:14","guid":{"rendered":"https:\/\/mcwec.org\/businesses\/waste-disposal\/toxdrop-household-hazardous-waste-drop-off-sites\/"},"modified":"2025-08-15T18:57:14","modified_gmt":"2025-08-15T22:57:14","slug":"toxdrop","status":"publish","type":"page","link":"https:\/\/mcwec.org\/es\/businesses\/waste-disposal\/toxdrop\/","title":{"rendered":"ToxDrop &#8211; Sitios de entrega de desechos dom\u00e9sticos peligrosos"},"content":{"rendered":"\n<p>Deseche los desechos dom\u00e9sticos peligrosos no deseados y no utilizados en fechas y horarios establecidos durante los eventos ToxDrop en toda la ciudad.<\/p>\n\n\n\n<p>Puede deshacerse de 20 galones de desechos l\u00edquidos o 75 libras de desechos s\u00f3lidos por visita.<\/p>\n\n\n\n<p>Transp\u00f3rtelo en cajas de pl\u00e1stico, cajas de cart\u00f3n, contenedores de almacenamiento u otros contenedores que sean f\u00e1ciles de ver y acceder. No se aceptar\u00e1n residuos tra\u00eddos en bolsas de basura.<\/p>\n\n\n\n<p class=\"disclaimer\"><strong>Aviso: MCWEC no proporciona este servicio<\/strong>. Debe comunicarse con el Departamento de Obras P\u00fablicas para verificar los horarios y los art\u00edculos aceptables para desechar llamando al <strong>317-327-4000<\/strong> o visitando su sitio web: <strong><a href=\"https:\/\/www.indy.gov\/activity\/hazardous-waste-dropoff-sites\">www.indy.gov\/activity\/hazardous-waste-dropoff-sites<\/a>. <\/strong><\/p>\n","protected":false},"excerpt":{"rendered":"<p>Deseche los desechos dom\u00e9sticos peligrosos no deseados y no utilizados en fechas y horarios establecidos durante los eventos ToxDrop en toda la ciudad. Puede deshacerse de 20 galones de desechos l\u00edquidos o 75 libras de desechos s\u00f3lidos por visita. Transp\u00f3rtelo en cajas de pl\u00e1stico, cajas de cart\u00f3n, contenedores de almacenamiento u otros contenedores que sean [&hellip;]<\/p>\n<p class=\"more-link-wrap\"><a class=\"more-link\" href=\"https:\/\/mcwec.org\/es\/businesses\/waste-disposal\/toxdrop\/\">Read More<\/a><\/p>","protected":false},"author":4,"featured_media":0,"parent":894,"menu_order":0,"comment_status":"closed","ping_status":"closed","template":"","meta":{"_monsterinsights_skip_tracking":false,"_monsterinsights_sitenote_active":false,"_monsterinsights_sitenote_note":"","_monsterinsights_sitenote_category":0,"_genesis_hide_title":false,"_genesis_hide_breadcrumbs":false,"_genesis_hide_singular_image":false,"_genesis_hide_footer_widgets":false,"_genesis_custom_body_class":"","_genesis_custom_post_class":"","_genesis_layout":"","footnotes":""},"class_list":{"0":"post-5201","1":"page","2":"type-page","3":"status-publish","5":"entry"},"_links":{"self":[{"href":"https:\/\/mcwec.org\/es\/wp-json\/wp\/v2\/pages\/5201","targetHints":{"allow":["GET"]}}],"collection":[{"href":"https:\/\/mcwec.org\/es\/wp-json\/wp\/v2\/pages"}],"about":[{"href":"https:\/\/mcwec.org\/es\/wp-json\/wp\/v2\/types\/page"}],"author":[{"embeddable":true,"href":"https:\/\/mcwec.org\/es\/wp-json\/wp\/v2\/users\/4"}],"replies":[{"embeddable":true,"href":"https:\/\/mcwec.org\/es\/wp-json\/wp\/v2\/comments?post=5201"}],"version-history":[{"count":2,"href":"https:\/\/mcwec.org\/es\/wp-json\/wp\/v2\/pages\/5201\/revisions"}],"predecessor-version":[{"id":5591,"href":"https:\/\/mcwec.org\/es\/wp-json\/wp\/v2\/pages\/5201\/revisions\/5591"}],"up":[{"embeddable":true,"href":"https:\/\/mcwec.org\/es\/wp-json\/wp\/v2\/pages\/894"}],"wp:attachment":[{"href":"https:\/\/mcwec.org\/es\/wp-json\/wp\/v2\/media?parent=5201"}],"curies":[{"name":"wp","href":"https:\/\/api.w.org\/{rel}","templated":true}]}}