{"id":4282,"date":"2025-03-19T16:18:32","date_gmt":"2025-03-19T20:18:32","guid":{"rendered":"https:\/\/mcwec.org\/?page_id=4282"},"modified":"2025-08-15T19:11:02","modified_gmt":"2025-08-15T23:11:02","slug":"pharmaceutical-disposal","status":"publish","type":"page","link":"https:\/\/mcwec.org\/es\/businesses\/waste-disposal\/pharmaceutical-disposal\/","title":{"rendered":"Eliminaci\u00f3n de productos farmac\u00e9uticos en Indianapolis"},"content":{"rendered":"\n<div style=\"height:12px\" aria-hidden=\"true\" class=\"wp-block-spacer\"><\/div>\n\n\n\n<p class=\"disclaimer\"><strong><strong>Aviso<\/strong>: <\/strong>MCWEC no proporciona servicios de desechos de sustancias peligrosas. Debe ponerse en contacto directamente con estas organizaciones.<\/p>\n\n\n\n<p>Tirar los medicamentos no utilizados por el inodoro o por el desag\u00fce a\u00f1ade una gran cantidad de sustancias qu\u00edmicas a las aguas residuales municipales. En el condado de Marion, Indiana, los residentes pueden llevar los medicamentos no utilizados o no deseados a los puntos de entrega permanentes de farmacias y departamentos de polic\u00eda seleccionados. En Indiana, utilice el buscador del <a href=\"https:\/\/apps.deadiversion.usdoj.gov\/pubdispsearch\/spring\/main?execution=e1s1\">Departamento de Justicia<\/a> o <a href=\"https:\/\/safe.pharmacy\/drug-disposal\/\">Safe.pharmacy<\/a> para encontrar un lugar seguro cerca de usted para desechar medicamentos viejos o no utilizados.<\/p>\n\n\n\n<p>Pero aseg\u00farese de verificar si el lugar acepta los medicamentos que planea tomar (sustancias controladas, jeringas, medicamentos l\u00edquidos, etc.).<\/p>\n\n\n\n<h2 class=\"wp-block-heading\">Organice su propio evento de recogida<\/h2>\n\n\n\n<p>Adem\u00e1s, los negocios pueden organizar eventos especiales de recogida en sus comunidades para evitar la ingesti\u00f3n accidental de estos productos qu\u00edmicos y evitar que lleguen al suministro de agua. El Departamento de Obras P\u00fablicas de Indian\u00e1polis tambi\u00e9n ofrece servicios de entrega de medicamentos junto con algunos eventos de reciclaje de residuos dom\u00e9sticos peligrosos.<\/p>\n","protected":false},"excerpt":{"rendered":"<p>During our daily activities we use many products which are hazardous to the environment: cleaning products, painting supplies, or garden pesticides known as household wastes. <br \/><a href=\"https:\/\/mcwec.org\/es\/businesses\/waste-disposal\/hazardous-waste-disposal\/\">Find where you can dispose of hazardous waste<\/a><\/p>\n<p class=\"more-link-wrap\"><a class=\"more-link\" href=\"https:\/\/mcwec.org\/es\/businesses\/waste-disposal\/pharmaceutical-disposal\/\">Read More<\/a><\/p>","protected":false},"author":4,"featured_media":4278,"parent":894,"menu_order":0,"comment_status":"closed","ping_status":"closed","template":"","meta":{"_monsterinsights_skip_tracking":false,"_monsterinsights_sitenote_active":false,"_monsterinsights_sitenote_note":"","_monsterinsights_sitenote_category":0,"_genesis_hide_title":false,"_genesis_hide_breadcrumbs":false,"_genesis_hide_singular_image":false,"_genesis_hide_footer_widgets":false,"_genesis_custom_body_class":"","_genesis_custom_post_class":"","_genesis_layout":"","footnotes":""},"class_list":{"0":"post-4282","1":"page","2":"type-page","3":"status-publish","4":"has-post-thumbnail","6":"entry"},"_links":{"self":[{"href":"https:\/\/mcwec.org\/es\/wp-json\/wp\/v2\/pages\/4282","targetHints":{"allow":["GET"]}}],"collection":[{"href":"https:\/\/mcwec.org\/es\/wp-json\/wp\/v2\/pages"}],"about":[{"href":"https:\/\/mcwec.org\/es\/wp-json\/wp\/v2\/types\/page"}],"author":[{"embeddable":true,"href":"https:\/\/mcwec.org\/es\/wp-json\/wp\/v2\/users\/4"}],"replies":[{"embeddable":true,"href":"https:\/\/mcwec.org\/es\/wp-json\/wp\/v2\/comments?post=4282"}],"version-history":[{"count":3,"href":"https:\/\/mcwec.org\/es\/wp-json\/wp\/v2\/pages\/4282\/revisions"}],"predecessor-version":[{"id":5618,"href":"https:\/\/mcwec.org\/es\/wp-json\/wp\/v2\/pages\/4282\/revisions\/5618"}],"up":[{"embeddable":true,"href":"https:\/\/mcwec.org\/es\/wp-json\/wp\/v2\/pages\/894"}],"wp:featuredmedia":[{"embeddable":true,"href":"https:\/\/mcwec.org\/es\/wp-json\/wp\/v2\/media\/4278"}],"wp:attachment":[{"href":"https:\/\/mcwec.org\/es\/wp-json\/wp\/v2\/media?parent=4282"}],"curies":[{"name":"wp","href":"https:\/\/api.w.org\/{rel}","templated":true}]}}