{"id":4202,"date":"2024-12-05T15:21:55","date_gmt":"2024-12-05T20:21:55","guid":{"rendered":"https:\/\/mcwec.org\/?page_id=4202"},"modified":"2025-08-15T19:10:20","modified_gmt":"2025-08-15T23:10:20","slug":"residuos-electronicos","status":"publish","type":"page","link":"https:\/\/mcwec.org\/es\/businesses\/waste-disposal\/residuos-electronicos\/","title":{"rendered":"Residuos electr\u00f3nicos"},"content":{"rendered":"\n<div style=\"height:33px\" aria-hidden=\"true\" class=\"wp-block-spacer\"><\/div>\n\n\n\n<p class=\"disclaimer\"><strong>Aviso: <\/strong>MCWEC no proporciona servicios de desechos de sustancias peligrosas. Debe ponerse en contacto directamente con estas organizaciones.<\/p>\n\n\n\n<p>A partir de 2011, la ley de residuos electr\u00f3nicos de Indiana proh\u00edbe a los hogares, las peque\u00f1as empresas y las escuelas deshacerse de residuos electr\u00f3nicos en la basura.<\/p>\n\n\n\n<p>Las siguientes empresas ofrecen reciclaje de residuos electr\u00f3nicos en el \u00e1rea de Indian\u00e1polis.<\/p>\n\n\n\n<ul class=\"wp-block-list\">\n<li>Reciclaje de computadoras <a href=\"https:\/\/gwcri.com\/services.php#publicDropOff\">Green Wave<\/a> (D\u00edas de entrega p\u00fablica gratuita para propietarios de viviendas y empresas)<\/li>\n\n\n\n<li><a href=\"https:\/\/recycleforce.org\/recycling-services\/\">Recycle Force<\/a> (residuos electr\u00f3nicos dom\u00e9sticos generales gratuitos, contacto para servicios comerciales)<\/li>\n\n\n\n<li><a href=\"https:\/\/www.indy.gov\/activity\/electronics-recycling-sites\">Indianapolis ToxDrop<\/a> (Gratis, residentes del condado de Marion)<\/li>\n\n\n\n<li><a href=\"https:\/\/tech-recyclers.com\/drop-offs\/\">Technology Recyclers<\/a> (Gratis excepto por una tarifa de $20 para televisores y monitores. Programa gratuito de recogida en empresas.)<\/li>\n<\/ul>\n\n\n\n<p>Si opera una instalaci\u00f3n de reciclaje electr\u00f3nico y le gustar\u00eda aparecer aqu\u00ed, cont\u00e1ctenos.<\/p>\n","protected":false},"excerpt":{"rendered":"<p>Aviso: MCWEC no proporciona servicios de desechos de sustancias peligrosas. Debe ponerse en contacto directamente con estas organizaciones. A partir de 2011, la ley de residuos electr\u00f3nicos de Indiana proh\u00edbe a los hogares, las peque\u00f1as empresas y las escuelas deshacerse de residuos electr\u00f3nicos en la basura. Las siguientes empresas ofrecen reciclaje de residuos electr\u00f3nicos en [&hellip;]<\/p>\n<p class=\"more-link-wrap\"><a class=\"more-link\" href=\"https:\/\/mcwec.org\/es\/businesses\/waste-disposal\/residuos-electronicos\/\">Read More<\/a><\/p>","protected":false},"author":4,"featured_media":4197,"parent":894,"menu_order":0,"comment_status":"closed","ping_status":"closed","template":"","meta":{"_monsterinsights_skip_tracking":false,"_monsterinsights_sitenote_active":false,"_monsterinsights_sitenote_note":"","_monsterinsights_sitenote_category":0,"_genesis_hide_title":false,"_genesis_hide_breadcrumbs":false,"_genesis_hide_singular_image":false,"_genesis_hide_footer_widgets":false,"_genesis_custom_body_class":"","_genesis_custom_post_class":"","_genesis_layout":"","footnotes":""},"class_list":{"0":"post-4202","1":"page","2":"type-page","3":"status-publish","4":"has-post-thumbnail","6":"entry"},"_links":{"self":[{"href":"https:\/\/mcwec.org\/es\/wp-json\/wp\/v2\/pages\/4202","targetHints":{"allow":["GET"]}}],"collection":[{"href":"https:\/\/mcwec.org\/es\/wp-json\/wp\/v2\/pages"}],"about":[{"href":"https:\/\/mcwec.org\/es\/wp-json\/wp\/v2\/types\/page"}],"author":[{"embeddable":true,"href":"https:\/\/mcwec.org\/es\/wp-json\/wp\/v2\/users\/4"}],"replies":[{"embeddable":true,"href":"https:\/\/mcwec.org\/es\/wp-json\/wp\/v2\/comments?post=4202"}],"version-history":[{"count":8,"href":"https:\/\/mcwec.org\/es\/wp-json\/wp\/v2\/pages\/4202\/revisions"}],"predecessor-version":[{"id":5615,"href":"https:\/\/mcwec.org\/es\/wp-json\/wp\/v2\/pages\/4202\/revisions\/5615"}],"up":[{"embeddable":true,"href":"https:\/\/mcwec.org\/es\/wp-json\/wp\/v2\/pages\/894"}],"wp:featuredmedia":[{"embeddable":true,"href":"https:\/\/mcwec.org\/es\/wp-json\/wp\/v2\/media\/4197"}],"wp:attachment":[{"href":"https:\/\/mcwec.org\/es\/wp-json\/wp\/v2\/media?parent=4202"}],"curies":[{"name":"wp","href":"https:\/\/api.w.org\/{rel}","templated":true}]}}