{"id":1569,"date":"2024-12-05T15:21:48","date_gmt":"2024-12-05T20:21:48","guid":{"rendered":"https:\/\/mcwec.org\/?page_id=1569"},"modified":"2025-08-15T19:10:38","modified_gmt":"2025-08-15T23:10:38","slug":"soluciones-coproducto","status":"publish","type":"page","link":"https:\/\/mcwec.org\/es\/businesses\/waste-disposal\/soluciones-coproducto\/","title":{"rendered":"Soluciones de coproducto"},"content":{"rendered":"\n<div style=\"height:12px\" aria-hidden=\"true\" class=\"wp-block-spacer\"><\/div>\n\n\n\n<p><strong>Aviso:<\/strong>&nbsp;MCWEC no proporciona servicio de eliminaci\u00f3n de residuos. Debe ponerse en contacto directamente con estas organizaciones.<\/p>\n\n\n\n<p>Las siguientes empresas trabajar\u00e1n con usted para usos en el mercado secundario de coproductos industriales y agr\u00edcolas generados como parte del flujo de residuos de su negocio.<\/p>\n\n\n\n<p>The following companies will work with you for&nbsp;secondary market uses for industrial and agricultural related co-products generated as part of your business waste stream.<\/p>\n\n\n\n<figure class=\"wp-block-table\"><table class=\"has-fixed-layout\"><tbody><tr><td><strong>Nombre<\/strong><\/td><td><strong>Direcci\u00f3n \/ Tel\u00e9fono<\/strong><\/td><td><strong>Sitio web<\/strong><\/td><\/tr><tr><td><strong>Wilson Industrial Sales<\/strong><\/td><td>5063 S. 1000 West<br>Rensselaer, IN 47978<br>(800) 633-5427<\/td><td><a href=\"http:\/\/wilsonindustrial.com\/?page_id=214\">http:\/\/wilsonindustrial.com\/?page_id=214<\/a><\/td><\/tr><\/tbody><\/table><\/figure>\n","protected":false},"excerpt":{"rendered":"<p>Aviso:&nbsp;MCWEC no proporciona servicio de eliminaci\u00f3n de residuos. Debe ponerse en contacto directamente con estas organizaciones. Las siguientes empresas trabajar\u00e1n con usted para usos en el mercado secundario de coproductos industriales y agr\u00edcolas generados como parte del flujo de residuos de su negocio. The following companies will work with you for&nbsp;secondary market uses for industrial [&hellip;]<\/p>\n<p class=\"more-link-wrap\"><a class=\"more-link\" href=\"https:\/\/mcwec.org\/es\/businesses\/waste-disposal\/soluciones-coproducto\/\">Read More<\/a><\/p>","protected":false},"author":4,"featured_media":1567,"parent":894,"menu_order":0,"comment_status":"closed","ping_status":"closed","template":"","meta":{"_monsterinsights_skip_tracking":false,"_monsterinsights_sitenote_active":false,"_monsterinsights_sitenote_note":"","_monsterinsights_sitenote_category":0,"_genesis_hide_title":false,"_genesis_hide_breadcrumbs":false,"_genesis_hide_singular_image":false,"_genesis_hide_footer_widgets":false,"_genesis_custom_body_class":"","_genesis_custom_post_class":"","_genesis_layout":"","footnotes":""},"class_list":{"0":"post-1569","1":"page","2":"type-page","3":"status-publish","4":"has-post-thumbnail","6":"entry"},"_links":{"self":[{"href":"https:\/\/mcwec.org\/es\/wp-json\/wp\/v2\/pages\/1569","targetHints":{"allow":["GET"]}}],"collection":[{"href":"https:\/\/mcwec.org\/es\/wp-json\/wp\/v2\/pages"}],"about":[{"href":"https:\/\/mcwec.org\/es\/wp-json\/wp\/v2\/types\/page"}],"author":[{"embeddable":true,"href":"https:\/\/mcwec.org\/es\/wp-json\/wp\/v2\/users\/4"}],"replies":[{"embeddable":true,"href":"https:\/\/mcwec.org\/es\/wp-json\/wp\/v2\/comments?post=1569"}],"version-history":[{"count":3,"href":"https:\/\/mcwec.org\/es\/wp-json\/wp\/v2\/pages\/1569\/revisions"}],"predecessor-version":[{"id":5616,"href":"https:\/\/mcwec.org\/es\/wp-json\/wp\/v2\/pages\/1569\/revisions\/5616"}],"up":[{"embeddable":true,"href":"https:\/\/mcwec.org\/es\/wp-json\/wp\/v2\/pages\/894"}],"wp:featuredmedia":[{"embeddable":true,"href":"https:\/\/mcwec.org\/es\/wp-json\/wp\/v2\/media\/1567"}],"wp:attachment":[{"href":"https:\/\/mcwec.org\/es\/wp-json\/wp\/v2\/media?parent=1569"}],"curies":[{"name":"wp","href":"https:\/\/api.w.org\/{rel}","templated":true}]}}